{"id":59563,"date":"2025-07-07T10:12:14","date_gmt":"2025-07-07T08:12:14","guid":{"rendered":"https:\/\/biotech.uwr.edu.pl\/?page_id=59563"},"modified":"2026-04-21T13:49:38","modified_gmt":"2026-04-21T11:49:38","slug":"accessibility-statement","status":"publish","type":"page","link":"https:\/\/biotech.uwr.edu.pl\/en\/accessibility-statement\/","title":{"rendered":"Accessibility statement"},"content":{"rendered":"\n<div class=\"wp-block-bonasoft-modular-breadcrumbs-block\"><div class=\"bs_add_breadcrumb_trail\"><\/div><\/div>\n\n\n\n<h1 class=\"wp-block-heading has-text-align-center\"><strong>Accessibility Statement<\/strong><\/h1>\n\n\n\n<div style=\"height:100px\" aria-hidden=\"true\" class=\"wp-block-spacer\"><\/div>\n\n\n\n<section id=\"a11y-wstep\"><\/section>\n\n\n\n<p><strong id=\"a11y-podmiot\">The University of Wroc\u0142aw <\/strong>undertakes to ensure the accessibility of its website in accordance with the provisions of the Act of 4 April 2019 on the digital accessibility of websites and mobile applications of public entities.<\/p>\n\n\n\n<p>Accessibility Statement applies to <span id=\"a11y-zakres\">the website<\/span>: <a href=\"https:\/\/biotech.uwr.edu.pl\/en\/\" id=\"a11y-url\">https:\/\/biotech.uwr.edu.pl\/en\/<\/a>.<\/p>\n\n\n\n<ul class=\"wp-block-list\">\n<li><p>Website publication date: <time id=\"a11y-data-publikacja\" datetime=\"2023-02-01\">February 1, 2022<\/time><\/p><\/li>\n\n\n\n<li><p>Date of the recent update: <time id=\"a11y-data-aktualizacja\" datetime=\"2026-03-03\">March 3, 2026<\/time><\/p><\/li>\n<\/ul>\n\n\n\n<div style=\"height:50px\" aria-hidden=\"true\" class=\"wp-block-spacer\"><\/div>\n\n\n\n<h2 class=\"wp-block-heading\" id=\"a11y-status\"><strong>Status of compliance with the law<\/strong><\/h2>\n\n\n\n<p><strong>The website is partially compliant<\/strong> with the appendix to the law of 4 April 2019 on the digital accessibility of websites and mobile applications of public entities due to the incompatibilities or exemptions listed below.<\/p>\n\n\n\n<div style=\"height:50px\" aria-hidden=\"true\" class=\"wp-block-spacer\"><\/div>\n\n\n\n<h2 class=\"wp-block-heading\"><strong>Inaccessible content<\/strong><\/h2>\n\n\n\n<p><strong>Changing text size<\/strong><br>Some content is inaccessible when the website view is enlarged to 200%.  Websites on smaller devices at this high magnification are open in mobile version mode.<\/p>\n\n\n\n<p><strong>Moving parts<\/strong><br>On some websites, there is a banner that changes the slides independently of the user.  Blinking is less frequent than 5 seconds.<\/p>\n\n\n\n<p><strong>Complex graphic elements<\/strong><br>Some complex graphic elements have no extended description.<\/p>\n\n\n\n<p><strong>Non-textual content<\/strong><br>Some non-text elements (films, audio) do not have their own text description and\/or audiodescription.<\/p>\n\n\n\n<p><strong>Decorative elements<\/strong><br>Decorative elements do not have the <alt> attribute left blank. The technology on which websites are based forces the user to describe the graphics before the content is published.<\/alt><\/p>\n\n\n\n<p><strong>Repetitive graphic elements<\/strong><br>Some graphic elements have different textual descriptions, but always inform properly about what is in the graphic.<\/p>\n\n\n\n<p><strong>Documents<\/strong><br>Some documents are not accessible digitally.<\/p>\n\n\n\n<p><strong>Headlines<\/strong><br>Headlines are defined in the website code in the correct order, but are not always used by website editors for their intended purpose.<\/p>\n\n\n\n<p><strong>Consistency of links<\/strong><br>Some links with the same content are not consistent throughout the website.<\/p>\n\n\n\n<div style=\"height:50px\" aria-hidden=\"true\" class=\"wp-block-spacer\"><\/div>\n\n\n\n<h2 class=\"wp-block-heading\"><strong>Preparation of the Aceessibility Statement<\/strong><\/h2>\n\n\n\n<ul class=\"wp-block-list\">\n<li><p>The statement was made on: <time id=\"a11y-data-sporzadzenie\" datetime=\"2023-02-01\">February 1, 2022<\/time><\/p><\/li>\n\n\n\n<li>The statement was last reviewed and updated on: <time id=\"a11y-data-przeglad\" datetime=\"2026-03-30\">30 marca 2026 r.<\/time><\/p><\/li>\n<\/ul>\n\n\n\n<p>We drew up the declaration on the basis of a self-assessment based on <a href=\"https:\/\/www.gov.pl\/attachment\/1a3e2bb5-6d60-4897-ac2f-07a8e91e70ed\" lang=\"pl\">Lista kontrolna do badania dost\u0119pno\u015bci cyfrowej strony internetowej v. 2.2 (docx, 0,12MB)<\/a>.<\/p>\n\n\n\n<p><strong>Keyboard shortcuts<br><\/strong>You can use the standard browser keyboard shortcuts on the website.<\/p>\n\n\n\n<div style=\"height:50px\" aria-hidden=\"true\" class=\"wp-block-spacer\"><\/div>\n\n\n\n<h2 class=\"wp-block-heading\"><strong>Feedback and contact details<\/strong><\/h2>\n\n\n\n<p>You can report any problems with the digital accessibility of this website to:<br><span id=\"a11y-kontakt\">Marta Idkowiak<\/span>, <a id=\"a11y-email\" href=\"mailto:marta.idkowiak@uwr.edu.pl\">marta.idkowiak@uwr.edu.pl<\/a>, <a href=\"tel:+48697225773\" id=\"a11y-telefon\">+48 697 225 773<\/a><br>Izabela Jaraszek, <a href=\"mailto:izabela.jaraszek@uwr.edu.pl\">izabela.jaraszek@uwr.edu.pl<\/a>, <a href=\"tel:+48697010846\">+48 697 010 846<\/a><\/p>\n\n\n\n<p>Anyone has the right to request the digital accessibility of this website or elements thereof.<\/p>\n<p>When making such a request, specify:<\/p>\n\n<ul class=\"wp-block-list\">\n  <li>your name and surname,<\/li>\n  <li>your contact details (e.g. telephone number, email address),<\/li>\n  <li>the exact website address of the digitally inaccessible element or content,<\/li>\n  <li>a description of what the problem is and which way you would be most comfortable solving it.<\/li>\n<\/ul>\n\n\n\n\n<p>We will respond to your request as soon as possible and no later than 7 days after receipt.<\/p>\n<p>If this deadline is too short for us we will let you know. In this information, we will give you a new deadline by which we will correct the errors you have reported or prepare the information in an alternative way. This new deadline will be no longer than 2 months.<\/p>\n<p>If we are unable to ensure the accessibility of the digital website or content indicated in your request, we will offer you access by an alternative means.<\/p>\n\n\n\n<div style=\"height:50px\" aria-hidden=\"true\" class=\"wp-block-spacer\"><\/div>\n\n\n\n<h2 class=\"wp-block-heading\" id=\"a11y-procedura\"><strong>Handling accessibility requests and complaints<\/strong><\/h2>\n\n\n\n<p>If, in response to your request for digital accessibility, we refuse to provide the digital accessibility you have requested and you disagree with the refusal, you have the right to complain.<br>You also have the right to lodge a complaint if you do not agree to use an alternative means of access that we have offered you in response to your request for digital accessibility.<br>Submit any complaint by letter or email to:<\/p>\n\n\n\n<p><strong>mgr Damian Mroczy\u0144ski<\/strong><br>Address:<br>pl. Uniwersytecki 1<br>50-137 Wroc\u0142aw<br><a href=\"tel:+48713752372\">+48 71 375 23 72,<\/a><\/p>\n\n\n\n<p>email: <a href=\"mailto:damian.mroczynski@uwr.edu.pl\">damian.mroczynski@uwr.edu.pl<\/a><\/p>\n\n\n\n<p><a href=\"https:\/\/www.gov.pl\/web\/gov\/zloz-wniosek-o-zapewnienie-dostepnosci-cyfrowej-strony-internetowej-lub-aplikacji-mobilnej\">The information that can be found on the government&#8217;s gov.pl portal can be helpful.<\/a><br>You can also inform <a href=\"https:\/\/bip.brpo.gov.pl\/\">the Ombudsman<\/a> about this situation and ask him to intervene in your case.<\/p>\n\n\n\n<div style=\"height:50px\" aria-hidden=\"true\" class=\"wp-block-spacer\"><\/div>\n\n\n\n<h2 class=\"wp-block-heading\" id=\"a11y-komunikacja\"><strong>Communication and information accessibility<\/strong><\/h2>\n\n\n\n<p>Information about the University of Wroc\u0142aw prepared in an easy-to-read and understand format (so-called ETR) can be found here:<\/p>\n\n\n<div class=\"bs__links\">\r\n    <div class=\"bs__links__section\">\r\n        <ul class=\"bs__links__list\">\r\n                            <li class=\"bs__links__list__item\">\r\n                    <a href=\"https:\/\/uwr.edu.pl\/en\/about-the-university-of-wroclaw-easy-to-read-text-etr\/\" class=\"bs__links__list__item__link\">\r\n                        About the University of Wroc\u0142aw [an easy-to-read and understand format] \r\n                        <div class=\"bs__links__list__item__link__before__icon\">\r\n                            <div class=\"bs__links__list__item__link__icon\">\r\n                                <svg width=\"40px\" height=\"40px\" viewBox=\"0 0 22 16\" version=\"1.1\">\r\n                                <g stroke=\"none\" strokeWidth=\"1\" fill=\"black\" fillRule=\"evenodd\">\r\n                                    <g>\r\n                                    <polygon points=\"13.4875 0 12 1.6215 18.7875 8 12 14.3795 13.4875 16 21.9995 8\" \/>\r\n                                    <\/g>\r\n                                <\/g>\r\n                                <\/svg>\r\n                            <\/div>\r\n                        <\/div>\r\n                    <\/a>\r\n                <li>\r\n                    <\/ul>\r\n    <\/div>\r\n<\/div>\n\n\n<p>Information about the University of Wroc\u0142aw prepared in machine-readable text can be found here:<\/p>\n\n\n<div class=\"bs__links\">\r\n    <div class=\"bs__links__section\">\r\n        <ul class=\"bs__links__list\">\r\n                            <li class=\"bs__links__list__item\">\r\n                    <a href=\"https:\/\/uwr.edu.pl\/en\/about-university\/\" class=\"bs__links__list__item__link\">\r\n                        About the University of Wroc\u0142aw [machine-readable text] \r\n                        <div class=\"bs__links__list__item__link__before__icon\">\r\n                            <div class=\"bs__links__list__item__link__icon\">\r\n                                <svg width=\"40px\" height=\"40px\" viewBox=\"0 0 22 16\" version=\"1.1\">\r\n                                <g stroke=\"none\" strokeWidth=\"1\" fill=\"black\" fillRule=\"evenodd\">\r\n                                    <g>\r\n                                    <polygon points=\"13.4875 0 12 1.6215 18.7875 8 12 14.3795 13.4875 16 21.9995 8\" \/>\r\n                                    <\/g>\r\n                                <\/g>\r\n                                <\/svg>\r\n                            <\/div>\r\n                        <\/div>\r\n                    <\/a>\r\n                <li>\r\n                    <\/ul>\r\n    <\/div>\r\n<\/div>\n\n\n<p>There are 28 stationary induction loops in the buildings of the University of Wroc\u0142aw.<\/p>\n\n\n\n<div style=\"height:50px\" aria-hidden=\"true\" class=\"wp-block-spacer\"><\/div>\n\n\n\n<h2 class=\"wp-block-heading\" id=\"a11y-architektura\"><strong>Architectural accessibility [Polish only]<\/strong><\/h2>\n\n\n<div class=\"bs__links\">\r\n    <div class=\"bs__links__section\">\r\n        <ul class=\"bs__links__list\">\r\n                            <li class=\"bs__links__list__item\">\r\n                    <a href=\"https:\/\/uwr.edu.pl\/wp-content\/uploads\/2023\/03\/dostepnosc_architektoniczna.pdf\" class=\"bs__links__list__item__link\">\r\n                        Dost\u0119pno\u015b\u0107 architektoniczna (PDF, j\u0119zyk polski) \r\n                        <div class=\"bs__links__list__item__link__before__icon\">\r\n                            <div class=\"bs__links__list__item__link__icon\">\r\n                                <svg width=\"40px\" height=\"40px\" viewBox=\"0 0 22 16\" version=\"1.1\">\r\n                                <g stroke=\"none\" strokeWidth=\"1\" fill=\"black\" fillRule=\"evenodd\">\r\n                                    <g>\r\n                                    <polygon points=\"13.4875 0 12 1.6215 18.7875 8 12 14.3795 13.4875 16 21.9995 8\" \/>\r\n                                    <\/g>\r\n                                <\/g>\r\n                                <\/svg>\r\n                            <\/div>\r\n                        <\/div>\r\n                    <\/a>\r\n                <li>\r\n                    <\/ul>\r\n    <\/div>\r\n<\/div>","protected":false},"excerpt":{"rendered":"<p>Accessibility Statement The University of Wroc\u0142aw undertakes to ensure the accessibility of its website in accordance with the provisions of the Act of 4 April 2019 on the digital accessibility of websites and mobile applications of public entities. Accessibility Statement applies to the website: https:\/\/biotech.uwr.edu.pl\/en\/. Status of compliance with the law The website is partially [&hellip;]<\/p>\n","protected":false},"author":1629,"featured_media":0,"parent":0,"menu_order":0,"comment_status":"closed","ping_status":"closed","template":"","meta":{"_acf_changed":false,"inline_featured_image":false,"site-sidebar-layout":"default","site-content-layout":"","ast-site-content-layout":"default","site-content-style":"default","site-sidebar-style":"default","ast-global-header-display":"","ast-banner-title-visibility":"","ast-main-header-display":"","ast-hfb-above-header-display":"","ast-hfb-below-header-display":"","ast-hfb-mobile-header-display":"","site-post-title":"","ast-breadcrumbs-content":"","ast-featured-img":"","footer-sml-layout":"","ast-disable-related-posts":"","theme-transparent-header-meta":"","adv-header-id-meta":"","stick-header-meta":"","header-above-stick-meta":"","header-main-stick-meta":"","header-below-stick-meta":"","astra-migrate-meta-layouts":"set","ast-page-background-enabled":"default","ast-page-background-meta":{"desktop":{"background-color":"","background-image":"","background-repeat":"repeat","background-position":"center center","background-size":"auto","background-attachment":"scroll","background-type":"","background-media":"","overlay-type":"","overlay-color":"","overlay-opacity":"","overlay-gradient":""},"tablet":{"background-color":"","background-image":"","background-repeat":"repeat","background-position":"center center","background-size":"auto","background-attachment":"scroll","background-type":"","background-media":"","overlay-type":"","overlay-color":"","overlay-opacity":"","overlay-gradient":""},"mobile":{"background-color":"","background-image":"","background-repeat":"repeat","background-position":"center center","background-size":"auto","background-attachment":"scroll","background-type":"","background-media":"","overlay-type":"","overlay-color":"","overlay-opacity":"","overlay-gradient":""}},"ast-content-background-meta":{"desktop":{"background-color":"var(--ast-global-color-5)","background-image":"","background-repeat":"repeat","background-position":"center center","background-size":"auto","background-attachment":"scroll","background-type":"","background-media":"","overlay-type":"","overlay-color":"","overlay-opacity":"","overlay-gradient":""},"tablet":{"background-color":"var(--ast-global-color-5)","background-image":"","background-repeat":"repeat","background-position":"center center","background-size":"auto","background-attachment":"scroll","background-type":"","background-media":"","overlay-type":"","overlay-color":"","overlay-opacity":"","overlay-gradient":""},"mobile":{"background-color":"var(--ast-global-color-5)","background-image":"","background-repeat":"repeat","background-position":"center center","background-size":"auto","background-attachment":"scroll","background-type":"","background-media":"","overlay-type":"","overlay-color":"","overlay-opacity":"","overlay-gradient":""}},"footnotes":""},"categories":[],"tags":[],"class_list":["post-59563","page","type-page","status-publish","hentry"],"featured_image_urls_v2":{"full":"","thumbnail":"","medium":"","medium_large":"","large":"","1536x1536":"","2048x2048":"","menu-24x24":"","menu-36x36":"","menu-48x48":""},"post_excerpt_stackable_v2":"<p>Accessibility Statement The University of Wroc\u0142aw undertakes to ensure the accessibility of its website in accordance with the provisions of the Act of 4 April 2019 on the digital accessibility of websites and mobile applications of public entities. Accessibility Statement applies to the website: https:\/\/biotech.uwr.edu.pl\/en\/. Website publication date: February 1, 2022 Date of the recent update: March 3, 2026 Status of compliance with the law The website is partially compliant with the appendix to the law of 4 April 2019 on the digital accessibility of websites and mobile applications of public entities due to the incompatibilities or exemptions listed below.&hellip;<\/p>\n","category_list_v2":"Uncategorized","author_info_v2":{"name":"midkowiak","url":"https:\/\/biotech.uwr.edu.pl\/en\/author\/midkowiak\/"},"comments_num_v2":"0 comments","acf":[],"yoast_head":"<!-- This site is optimized with the Yoast SEO plugin v27.1.1 - https:\/\/yoast.com\/product\/yoast-seo-wordpress\/ -->\n<title>Accessibility statement - Wydzia\u0142 Biotechnologii<\/title>\n<meta name=\"description\" content=\"Wydzia\u0142 Biotechnologii\" \/>\n<meta name=\"robots\" content=\"index, follow, max-snippet:-1, max-image-preview:large, max-video-preview:-1\" \/>\n<link rel=\"canonical\" href=\"https:\/\/biotech.uwr.edu.pl\/en\/accessibility-statement\/\" \/>\n<meta property=\"og:locale\" content=\"en_US\" \/>\n<meta property=\"og:type\" content=\"article\" \/>\n<meta property=\"og:title\" content=\"Accessibility statement - Wydzia\u0142 Biotechnologii\" \/>\n<meta property=\"og:description\" content=\"Wydzia\u0142 Biotechnologii\" \/>\n<meta property=\"og:url\" content=\"https:\/\/biotech.uwr.edu.pl\/en\/accessibility-statement\/\" \/>\n<meta property=\"og:site_name\" content=\"Wydzia\u0142 Biotechnologii\" \/>\n<meta property=\"article:modified_time\" content=\"2026-04-21T11:49:38+00:00\" \/>\n<meta name=\"twitter:card\" content=\"summary_large_image\" \/>\n<meta name=\"twitter:label1\" content=\"Est. reading time\" \/>\n\t<meta name=\"twitter:data1\" content=\"5 minutes\" \/>\n<script type=\"application\/ld+json\" class=\"yoast-schema-graph\">{\"@context\":\"https:\/\/schema.org\",\"@graph\":[{\"@type\":\"WebPage\",\"@id\":\"https:\/\/biotech.uwr.edu.pl\/en\/accessibility-statement\/\",\"url\":\"https:\/\/biotech.uwr.edu.pl\/en\/accessibility-statement\/\",\"name\":\"Accessibility statement - Wydzia\u0142 Biotechnologii\",\"isPartOf\":{\"@id\":\"https:\/\/biotech.uwr.edu.pl\/#website\"},\"datePublished\":\"2025-07-07T08:12:14+00:00\",\"dateModified\":\"2026-04-21T11:49:38+00:00\",\"description\":\"Wydzia\u0142 Biotechnologii\",\"breadcrumb\":{\"@id\":\"https:\/\/biotech.uwr.edu.pl\/en\/accessibility-statement\/#breadcrumb\"},\"inLanguage\":\"en-US\",\"potentialAction\":[{\"@type\":\"ReadAction\",\"target\":[\"https:\/\/biotech.uwr.edu.pl\/en\/accessibility-statement\/\"]}]},{\"@type\":\"BreadcrumbList\",\"@id\":\"https:\/\/biotech.uwr.edu.pl\/en\/accessibility-statement\/#breadcrumb\",\"itemListElement\":[{\"@type\":\"ListItem\",\"position\":1,\"name\":\"Strona g\u0142\u00f3wna\",\"item\":\"https:\/\/biotech.uwr.edu.pl\/en\/\"},{\"@type\":\"ListItem\",\"position\":2,\"name\":\"Accessibility statement\"}]},{\"@type\":\"WebSite\",\"@id\":\"https:\/\/biotech.uwr.edu.pl\/#website\",\"url\":\"https:\/\/biotech.uwr.edu.pl\/\",\"name\":\"Wydzia\u0142 Biotechnologii\",\"description\":\"Kolejna witryna sieci \u201eUWR Witryny\u201d\",\"publisher\":{\"@id\":\"https:\/\/biotech.uwr.edu.pl\/#organization\"},\"potentialAction\":[{\"@type\":\"SearchAction\",\"target\":{\"@type\":\"EntryPoint\",\"urlTemplate\":\"https:\/\/biotech.uwr.edu.pl\/?s={search_term_string}\"},\"query-input\":{\"@type\":\"PropertyValueSpecification\",\"valueRequired\":true,\"valueName\":\"search_term_string\"}}],\"inLanguage\":\"en-US\"},{\"@type\":\"Organization\",\"@id\":\"https:\/\/biotech.uwr.edu.pl\/#organization\",\"name\":\"Wydzia\u0142 Biotechnologii\",\"url\":\"https:\/\/biotech.uwr.edu.pl\/\",\"logo\":{\"@type\":\"ImageObject\",\"inLanguage\":\"en-US\",\"@id\":\"https:\/\/biotech.uwr.edu.pl\/#\/schema\/logo\/image\/\",\"url\":\"https:\/\/biotech.uwr.edu.pl\/wp-content\/uploads\/sites\/261\/2025\/10\/UWr-logotyp-2025.png\",\"contentUrl\":\"https:\/\/biotech.uwr.edu.pl\/wp-content\/uploads\/sites\/261\/2025\/10\/UWr-logotyp-2025.png\",\"width\":764,\"height\":269,\"caption\":\"Wydzia\u0142 Biotechnologii\"},\"image\":{\"@id\":\"https:\/\/biotech.uwr.edu.pl\/#\/schema\/logo\/image\/\"}}]}<\/script>\n<!-- \/ Yoast SEO plugin. -->","yoast_head_json":{"title":"Accessibility statement - Wydzia\u0142 Biotechnologii","description":"Wydzia\u0142 Biotechnologii","robots":{"index":"index","follow":"follow","max-snippet":"max-snippet:-1","max-image-preview":"max-image-preview:large","max-video-preview":"max-video-preview:-1"},"canonical":"https:\/\/biotech.uwr.edu.pl\/en\/accessibility-statement\/","og_locale":"en_US","og_type":"article","og_title":"Accessibility statement - Wydzia\u0142 Biotechnologii","og_description":"Wydzia\u0142 Biotechnologii","og_url":"https:\/\/biotech.uwr.edu.pl\/en\/accessibility-statement\/","og_site_name":"Wydzia\u0142 Biotechnologii","article_modified_time":"2026-04-21T11:49:38+00:00","twitter_card":"summary_large_image","twitter_misc":{"Est. reading time":"5 minutes"},"schema":{"@context":"https:\/\/schema.org","@graph":[{"@type":"WebPage","@id":"https:\/\/biotech.uwr.edu.pl\/en\/accessibility-statement\/","url":"https:\/\/biotech.uwr.edu.pl\/en\/accessibility-statement\/","name":"Accessibility statement - Wydzia\u0142 Biotechnologii","isPartOf":{"@id":"https:\/\/biotech.uwr.edu.pl\/#website"},"datePublished":"2025-07-07T08:12:14+00:00","dateModified":"2026-04-21T11:49:38+00:00","description":"Wydzia\u0142 Biotechnologii","breadcrumb":{"@id":"https:\/\/biotech.uwr.edu.pl\/en\/accessibility-statement\/#breadcrumb"},"inLanguage":"en-US","potentialAction":[{"@type":"ReadAction","target":["https:\/\/biotech.uwr.edu.pl\/en\/accessibility-statement\/"]}]},{"@type":"BreadcrumbList","@id":"https:\/\/biotech.uwr.edu.pl\/en\/accessibility-statement\/#breadcrumb","itemListElement":[{"@type":"ListItem","position":1,"name":"Strona g\u0142\u00f3wna","item":"https:\/\/biotech.uwr.edu.pl\/en\/"},{"@type":"ListItem","position":2,"name":"Accessibility statement"}]},{"@type":"WebSite","@id":"https:\/\/biotech.uwr.edu.pl\/#website","url":"https:\/\/biotech.uwr.edu.pl\/","name":"Wydzia\u0142 Biotechnologii","description":"Kolejna witryna sieci \u201eUWR Witryny\u201d","publisher":{"@id":"https:\/\/biotech.uwr.edu.pl\/#organization"},"potentialAction":[{"@type":"SearchAction","target":{"@type":"EntryPoint","urlTemplate":"https:\/\/biotech.uwr.edu.pl\/?s={search_term_string}"},"query-input":{"@type":"PropertyValueSpecification","valueRequired":true,"valueName":"search_term_string"}}],"inLanguage":"en-US"},{"@type":"Organization","@id":"https:\/\/biotech.uwr.edu.pl\/#organization","name":"Wydzia\u0142 Biotechnologii","url":"https:\/\/biotech.uwr.edu.pl\/","logo":{"@type":"ImageObject","inLanguage":"en-US","@id":"https:\/\/biotech.uwr.edu.pl\/#\/schema\/logo\/image\/","url":"https:\/\/biotech.uwr.edu.pl\/wp-content\/uploads\/sites\/261\/2025\/10\/UWr-logotyp-2025.png","contentUrl":"https:\/\/biotech.uwr.edu.pl\/wp-content\/uploads\/sites\/261\/2025\/10\/UWr-logotyp-2025.png","width":764,"height":269,"caption":"Wydzia\u0142 Biotechnologii"},"image":{"@id":"https:\/\/biotech.uwr.edu.pl\/#\/schema\/logo\/image\/"}}]}},"publishpress_future_action":{"enabled":false,"date":"2026-05-09 03:30:50","action":"change-status","newStatus":"draft","terms":[],"taxonomy":"category","extraData":[]},"publishpress_future_workflow_manual_trigger":{"enabledWorkflows":[]},"_links":{"self":[{"href":"https:\/\/biotech.uwr.edu.pl\/en\/wp-json\/wp\/v2\/pages\/59563\/"}],"collection":[{"href":"https:\/\/biotech.uwr.edu.pl\/en\/wp-json\/wp\/v2\/pages\/"}],"about":[{"href":"https:\/\/biotech.uwr.edu.pl\/en\/wp-json\/wp\/v2\/types\/page\/"}],"author":[{"embeddable":true,"href":"https:\/\/biotech.uwr.edu.pl\/en\/wp-json\/wp\/v2\/users\/1629\/"}],"replies":[{"embeddable":true,"href":"https:\/\/biotech.uwr.edu.pl\/en\/wp-json\/wp\/v2\/comments\/?post=59563"}],"version-history":[{"count":4,"href":"https:\/\/biotech.uwr.edu.pl\/en\/wp-json\/wp\/v2\/pages\/59563\/revisions\/"}],"predecessor-version":[{"id":69166,"href":"https:\/\/biotech.uwr.edu.pl\/en\/wp-json\/wp\/v2\/pages\/59563\/revisions\/69166\/"}],"wp:attachment":[{"href":"https:\/\/biotech.uwr.edu.pl\/en\/wp-json\/wp\/v2\/media\/?parent=59563"}],"wp:term":[{"taxonomy":"category","embeddable":true,"href":"https:\/\/biotech.uwr.edu.pl\/en\/wp-json\/wp\/v2\/categories\/?post=59563"},{"taxonomy":"post_tag","embeddable":true,"href":"https:\/\/biotech.uwr.edu.pl\/en\/wp-json\/wp\/v2\/tags\/?post=59563"}],"curies":[{"name":"wp","href":"https:\/\/api.w.org\/{rel}","templated":true}]}}