{"id":36448,"date":"2022-06-24T17:21:49","date_gmt":"2022-06-24T15:21:49","guid":{"rendered":"https:\/\/biotech.uwr.edu.pl\/zaklad-biologii-molekularnej-komorki\/"},"modified":"2025-05-12T11:52:29","modified_gmt":"2025-05-12T09:52:29","slug":"department-of-cellular-molecular-biology","status":"publish","type":"page","link":"https:\/\/biotech.uwr.edu.pl\/en\/department-of-cellular-molecular-biology\/","title":{"rendered":"Department of Cellular Molecular Biology"},"content":{"rendered":"\n<div class=\"wp-block-ugb-container ugb-container blok_nowa_podstrona ugb-8dda971 ugb-container--v2 ugb-container--design-plain ugb-main-block\"><div class=\"ugb-inner-block\"><div class=\"ugb-block-content\"><div class=\"ugb-container__wrapper ugb-8dda971-wrapper\"><div class=\"ugb-container__side\"><div class=\"ugb-container__content-wrapper ugb-8dda971-content-wrapper\">\n<div class=\"wp-block-columns bs-news-page is-layout-flex wp-block-columns-is-layout-flex\">\n<div class=\"wp-block-column bs-kontakt-photo is-layout-flow wp-block-column-is-layout-flow\">\n<figure class=\"wp-block-image size-large\"><img loading=\"lazy\" decoding=\"async\" width=\"1024\" height=\"683\" src=\"https:\/\/biotech.uwr.edu.pl\/wp-content\/uploads\/sites\/261\/2022\/09\/biotechnologia-fot.-Magdalena-Marcula-Biuro-ds.-Promocji-UWr-86-1024x683.jpg\" alt=\".\" class=\"wp-image-34824\" srcset=\"https:\/\/biotech.uwr.edu.pl\/wp-content\/uploads\/sites\/261\/2022\/09\/biotechnologia-fot.-Magdalena-Marcula-Biuro-ds.-Promocji-UWr-86-1024x683.jpg 1024w, https:\/\/biotech.uwr.edu.pl\/wp-content\/uploads\/sites\/261\/2022\/09\/biotechnologia-fot.-Magdalena-Marcula-Biuro-ds.-Promocji-UWr-86-300x200.jpg 300w, https:\/\/biotech.uwr.edu.pl\/wp-content\/uploads\/sites\/261\/2022\/09\/biotechnologia-fot.-Magdalena-Marcula-Biuro-ds.-Promocji-UWr-86-768x512.jpg 768w, https:\/\/biotech.uwr.edu.pl\/wp-content\/uploads\/sites\/261\/2022\/09\/biotechnologia-fot.-Magdalena-Marcula-Biuro-ds.-Promocji-UWr-86-1536x1024.jpg 1536w, https:\/\/biotech.uwr.edu.pl\/wp-content\/uploads\/sites\/261\/2022\/09\/biotechnologia-fot.-Magdalena-Marcula-Biuro-ds.-Promocji-UWr-86-1320x880.jpg 1320w, https:\/\/biotech.uwr.edu.pl\/wp-content\/uploads\/sites\/261\/2022\/09\/biotechnologia-fot.-Magdalena-Marcula-Biuro-ds.-Promocji-UWr-86-24x16.jpg 24w, https:\/\/biotech.uwr.edu.pl\/wp-content\/uploads\/sites\/261\/2022\/09\/biotechnologia-fot.-Magdalena-Marcula-Biuro-ds.-Promocji-UWr-86-36x24.jpg 36w, https:\/\/biotech.uwr.edu.pl\/wp-content\/uploads\/sites\/261\/2022\/09\/biotechnologia-fot.-Magdalena-Marcula-Biuro-ds.-Promocji-UWr-86-48x32.jpg 48w, https:\/\/biotech.uwr.edu.pl\/wp-content\/uploads\/sites\/261\/2022\/09\/biotechnologia-fot.-Magdalena-Marcula-Biuro-ds.-Promocji-UWr-86.jpg 1600w\" sizes=\"auto, (max-width: 1024px) 100vw, 1024px\" \/><figcaption class=\"wp-element-caption\">fot. Magdalena Marcula<\/figcaption><\/figure>\n<\/div>\n\n\n\n<div class=\"wp-block-column bs-contact-right-column is-layout-flow wp-block-column-is-layout-flow\">\n<div class=\"wp-block-bonasoft-modular-breadcrumbs-block\"><div class=\"bs_add_breadcrumb_trail\"><\/div><\/div>\n\n\n\n<hr class=\"wp-block-separator has-text-color has-black-color has-css-opacity has-black-background-color has-background is-style-wide bs-border-kontakt\"\/>\n\n\n\n<h1 class=\"wp-block-heading bs-naglowek-podstrony\"><strong>Department of Cellular Molecular Biology<\/strong><\/h1>\n\n\n\n<h3 class=\"wp-block-heading\">DEPARTMENT HEAD<\/h3>\n\n\n\n<p><a href=\"https:\/\/old.uni.wroc.pl\/en\/search-for-employees\/employee\/?p_id=588016\">Dr hab. Magdalena Wo\u0142oszy\u0144ska, prof. UWr<\/a><\/p>\n\n\n\n<h3 class=\"wp-block-heading\">STAFF MEMBERS<\/h3>\n\n\n\n<ul class=\"wp-block-list\">\n<li><a href=\"https:\/\/old.uni.wroc.pl\/en\/search-for-employees\/employee\/?p_id=598326\">Dr hab. Ma\u0142gorzata Heidorn-Czarna<\/a><\/li>\n\n\n\n<li><a href=\"https:\/\/old.uni.wroc.pl\/en\/search-for-employees\/employee\/?p_id=597379\">Dr Ma\u0142gorzata Kwa\u015bniak-Owczarek<\/a><\/li>\n\n\n\n<li><a href=\"https:\/\/old.uni.wroc.pl\/en\/search-for-employees\/employee\/?p_id=623065\">Dr Urszula Ka\u017amierczak<\/a><\/li>\n\n\n\n<li><a href=\"https:\/\/old.uni.wroc.pl\/en\/search-for-employees\/employee\/?p_id=691040\">Mgr Agata Sado-Gu\u017ada<\/a><\/li>\n<\/ul>\n<\/div>\n<\/div>\n\n\n\n<div class=\"wp-block-ugb-container ugb-container bs-news-page-under ugb-f8694ce ugb-container--v2 ugb-container--design-plain ugb-main-block\"><div class=\"ugb-inner-block\"><div class=\"ugb-block-content\"><div class=\"ugb-container__wrapper ugb-f8694ce-wrapper\"><div class=\"ugb-container__side\"><div class=\"ugb-container__content-wrapper ugb-f8694ce-content-wrapper\">\n<h3 class=\"wp-block-heading\">Contact<\/h3>\n\n\n\n<p>Dr hab. Magdalena Wo\u0142oszy\u0144ska, prof. UWr: room 2.10, tel. 71 375 62 49<\/p>\n\n\n\n<p>Dr hab. Ma\u0142gorzata Heidorn-Czarna: room 2.12, tel. 71 375 62 73<br>Dr Ma\u0142gorzata Kwa\u015bniak-Owczarek: room 2.11, tel. 71 375 62 97<br>Dr Urszula Ka\u017amierczak: room 2.12, tel. 71 375 62 73<br>Mgr Agata Sado-Gu\u017ada: room 2.11, tel. 71 375 62 97<br>Students: room 2.09, tel. 71 375 62 92<\/p>\n\n\n\n<h3 class=\"wp-block-heading\">RESEARCH TOPICS<\/h3>\n\n\n\n<ul class=\"wp-block-list\">\n<li>Organellar cross-talk: nucleus, mitochondria and chloroplasts<\/li>\n\n\n\n<li>Regulation of expression of the mitochondrial genome at the level of translation<\/li>\n\n\n\n<li>Mitochondrial protein quality control system<\/li>\n\n\n\n<li>The role of mitochondria in plant development and stress response<\/li>\n<\/ul>\n\n\n\n<p>The projects integrate various approaches of molecular biology, biochemistry, cell biology, as well as systems biology (transcriptomics, proteomics and metabolomics). We work with plant model organism \u2013 <em>Arabidopsis thaliana<\/em>.<\/p>\n\n\n\n<h3 class=\"wp-block-heading\">RESEARCH PROJECTS<\/h3>\n\n\n\n<ul class=\"wp-block-list\">\n<li>NCN Opus (2024\/53\/B\/NZ3\/00722): \u201cMitochondrial quality control in plants: the relationship between mitophagy and the mitochondrial inner membrane protease FTSH4 in Arabidopsis thaliana\u201d (2025-2028).<br>Head of the project: dr hab. Ma\u0142gorzata Heidorn-Czarna.<\/li>\n<\/ul>\n\n\n\n<h3 class=\"wp-block-heading\">OUR LABORATORY EQUIPMENT<\/h3>\n\n\n<div class=\"bs_gallery\" id=\"bs_gallery_69f51ce96331f\" data-block-type-identifier=\"bs-mozaic-gallery\">\r\n    <div class=\"bs_gallery__images-container\">\r\n                    <div class=\"bs_gallery__column\">\r\n                                    <div class=\"bs_gallery__image-element\">\r\n                        <img decoding=\"async\" src=\"https:\/\/biotech.uwr.edu.pl\/wp-content\/uploads\/sites\/261\/2024\/02\/IMG_4544.jpg\"  data-bs-lightbox-set-slide=\"0\" class=\"bs_gallery__img\" tabindex=\"0\">\r\n                    <\/div>\r\n                            <\/div>\r\n                    <div class=\"bs_gallery__column\">\r\n                                    <div class=\"bs_gallery__image-element\">\r\n                        <img decoding=\"async\" src=\"https:\/\/biotech.uwr.edu.pl\/wp-content\/uploads\/sites\/261\/2024\/02\/IMG_4545.jpg\"  data-bs-lightbox-set-slide=\"1\" class=\"bs_gallery__img\" tabindex=\"0\">\r\n                    <\/div>\r\n                            <\/div>\r\n                    <div class=\"bs_gallery__column\">\r\n                                    <div class=\"bs_gallery__image-element\">\r\n                        <img decoding=\"async\" src=\"https:\/\/biotech.uwr.edu.pl\/wp-content\/uploads\/sites\/261\/2024\/02\/IMG_4548.jpg\"  data-bs-lightbox-set-slide=\"2\" class=\"bs_gallery__img\" tabindex=\"0\">\r\n                    <\/div>\r\n                            <\/div>\r\n                    <div class=\"bs_gallery__column\">\r\n                            <\/div>\r\n            <\/div>\r\n\r\n    <div class=\"bs_gallery__lightbox-bgc\" data-show-lightbox=\"false\" data-current-offset=\"0\" data-gallery-parent-id=\"bs_gallery_69f51ce96331f\">\r\n    <div class=\"bs_gallery__lightbox\">\r\n        <div class=\"bs_gallery__lightbox-topbar\">\r\n            <span class=\"bs_gallery__lightbox--buttons bs_gallery__lightbox-topbar__item\" tabindex=\"-1\" role=\"button\" title=\"Close lightbox window\" data-bs-lightbox-action=\"close\">Close<\/span>\r\n        <\/div>\r\n        <div class=\"bs_gallery__lightbox-main\">\r\n            <div class=\"bs_gallery__lightbox--buttons bs_gallery__lightbox-main__button\" data-bs-lightbox-action=\"prev\"><span>&larr;<\/span><\/div>\r\n            <div class=\"bs_gallery__lightbox--content-box\">\r\n                <div class=\"bs_gallery__lightbox-main__images-slider\">\r\n                    <div class=\"bs_gallery__lightbox-main__images-slider__item\">\r\n        <img decoding=\"async\" class=\"bs_gallery__lightbox-main__images-slider__item-image\" src=\"https:\/\/biotech.uwr.edu.pl\/wp-content\/uploads\/sites\/261\/2024\/02\/IMG_4544.jpg\">\r\n        <p class=\"bs_gallery__lightbox-main__images-slider__item__caption\"> <\/p>\r\n    <\/div>\r\n    <div class=\"bs_gallery__lightbox-main__images-slider__item\">\r\n        <img decoding=\"async\" class=\"bs_gallery__lightbox-main__images-slider__item-image\" src=\"https:\/\/biotech.uwr.edu.pl\/wp-content\/uploads\/sites\/261\/2024\/02\/IMG_4545.jpg\">\r\n        <p class=\"bs_gallery__lightbox-main__images-slider__item__caption\"> <\/p>\r\n    <\/div>\r\n    <div class=\"bs_gallery__lightbox-main__images-slider__item\">\r\n        <img decoding=\"async\" class=\"bs_gallery__lightbox-main__images-slider__item-image\" src=\"https:\/\/biotech.uwr.edu.pl\/wp-content\/uploads\/sites\/261\/2024\/02\/IMG_4548.jpg\">\r\n        <p class=\"bs_gallery__lightbox-main__images-slider__item__caption\"> <\/p>\r\n    <\/div>\r\n                <\/div>\r\n                <div class=\"bs_gallery__lightbox-main__minimap\">\r\n                                                                                                    <img decoding=\"async\" class=\"bs_gallery__lightbox-main__minimap-image\" data-bs-lightbox-set-slide=\"0\" src=\"https:\/\/biotech.uwr.edu.pl\/wp-content\/uploads\/sites\/261\/2024\/02\/IMG_4544-150x150.jpg\" data-bs-lightbox-is-active=\"false\">\r\n                                                                                <img decoding=\"async\" class=\"bs_gallery__lightbox-main__minimap-image\" data-bs-lightbox-set-slide=\"1\" src=\"https:\/\/biotech.uwr.edu.pl\/wp-content\/uploads\/sites\/261\/2024\/02\/IMG_4545-150x150.jpg\" data-bs-lightbox-is-active=\"false\">\r\n                                                                                <img decoding=\"async\" class=\"bs_gallery__lightbox-main__minimap-image\" data-bs-lightbox-set-slide=\"2\" src=\"https:\/\/biotech.uwr.edu.pl\/wp-content\/uploads\/sites\/261\/2024\/02\/IMG_4548-150x150.jpg\" data-bs-lightbox-is-active=\"false\">\r\n                                                            <\/div>\r\n            <\/div>\r\n            <div class=\"bs_gallery__lightbox--buttons bs_gallery__lightbox-main__button\" data-bs-lightbox-action=\"next\"><span>&rarr;<\/span><\/div>\r\n        <\/div>\r\n    <\/div>\r\n<\/div>\r\n<\/div>\n\n\n<ul class=\"wp-block-list\">\n<li>Light Cycler 2.0 (Roche)<\/li>\n\n\n\n<li>Thermocyclers (Biometra) and gradient thermal cycler (MJ Research PTC\u2013200)<\/li>\n\n\n\n<li>UV\u20131800 Spectrophotometer (Shimadzu)<\/li>\n\n\n\n<li>Centrifuges \u2013 Sigma K15 and 3K18<\/li>\n\n\n\n<li>Ultracentrifuge CP100NX (Hitachi)<\/li>\n\n\n\n<li>Electroporator (Bio-Rad)<\/li>\n\n\n\n<li>Deep freezer \u2013 85\u00b0C (Snijders Scientific)<\/li>\n\n\n\n<li>Certoclav LGA<\/li>\n\n\n\n<li>Clark electrode, Oxytherm (Hansatech)<\/li>\n\n\n\n<li>Growth environmental Versalink test chambers (Sanyo)<\/li>\n\n\n\n<li>System for performance 2\u2013D gel electrophoresis based on isoelectric focusing, IEF (Hoefer IEF100, PROTEAN Bio-Rad)<\/li>\n\n\n\n<li>Delta 2\u2013D software for advanced 2\u2013D gel image analysis (DECODON)<\/li>\n\n\n\n<li>Gel Doc EZ system for DNA and protein gel imaging (Bio-Rad)<\/li>\n\n\n\n<li>G:BOX system for high performance fluorescence and chemiluminescence gel imaging (Syngene)<\/li>\n<\/ul>\n\n\n\n<h3 class=\"wp-block-heading\"><a href=\"https:\/\/pubmed.ncbi.nlm.nih.gov\/?term=%28%28%28%28Janska%2C+Hanna%5BAuthor%5D%29+OR+%28Czarna%2C+Malgorzata%5BAuthor%5D%29%29+OR+%28Kwasniak+Owczarek%2C+Malgorzata%5BAuthor%5D%29%29%29+OR+%28Heidorn+Czarna%2C+Malgorzata%5BAuthor%5D%29&amp;sort=pubdate\" target=\"_blank\" rel=\"noreferrer noopener\">SELECTED PUBLICATIONS<\/a><\/h3>\n<\/div><\/div><\/div><\/div><\/div><\/div>\n<\/div><\/div><\/div><\/div><\/div><\/div>\n","protected":false},"excerpt":{"rendered":"<p>Department of Cellular Molecular Biology DEPARTMENT HEAD Dr hab. Magdalena Wo\u0142oszy\u0144ska, prof. UWr STAFF MEMBERS Contact Dr hab. Magdalena Wo\u0142oszy\u0144ska, prof. UWr: room 2.10, tel. 71 375 62 49 Dr hab. Ma\u0142gorzata Heidorn-Czarna: room 2.12, tel. 71 375 62 73Dr Ma\u0142gorzata Kwa\u015bniak-Owczarek: room 2.11, tel. 71 375 62 97Dr Urszula Ka\u017amierczak: room 2.12, tel. 71 [&hellip;]<\/p>\n","protected":false},"author":20,"featured_media":0,"parent":0,"menu_order":0,"comment_status":"closed","ping_status":"closed","template":"","meta":{"_acf_changed":false,"inline_featured_image":false,"site-sidebar-layout":"default","site-content-layout":"","ast-site-content-layout":"default","site-content-style":"default","site-sidebar-style":"default","ast-global-header-display":"","ast-banner-title-visibility":"","ast-main-header-display":"","ast-hfb-above-header-display":"","ast-hfb-below-header-display":"","ast-hfb-mobile-header-display":"","site-post-title":"","ast-breadcrumbs-content":"","ast-featured-img":"","footer-sml-layout":"","ast-disable-related-posts":"","theme-transparent-header-meta":"","adv-header-id-meta":"","stick-header-meta":"","header-above-stick-meta":"","header-main-stick-meta":"","header-below-stick-meta":"","astra-migrate-meta-layouts":"set","ast-page-background-enabled":"default","ast-page-background-meta":{"desktop":{"background-color":"","background-image":"","background-repeat":"repeat","background-position":"center center","background-size":"auto","background-attachment":"scroll","background-type":"","background-media":"","overlay-type":"","overlay-color":"","overlay-opacity":"","overlay-gradient":""},"tablet":{"background-color":"","background-image":"","background-repeat":"repeat","background-position":"center center","background-size":"auto","background-attachment":"scroll","background-type":"","background-media":"","overlay-type":"","overlay-color":"","overlay-opacity":"","overlay-gradient":""},"mobile":{"background-color":"","background-image":"","background-repeat":"repeat","background-position":"center center","background-size":"auto","background-attachment":"scroll","background-type":"","background-media":"","overlay-type":"","overlay-color":"","overlay-opacity":"","overlay-gradient":""}},"ast-content-background-meta":{"desktop":{"background-color":"var(--ast-global-color-5)","background-image":"","background-repeat":"repeat","background-position":"center center","background-size":"auto","background-attachment":"scroll","background-type":"","background-media":"","overlay-type":"","overlay-color":"","overlay-opacity":"","overlay-gradient":""},"tablet":{"background-color":"var(--ast-global-color-5)","background-image":"","background-repeat":"repeat","background-position":"center center","background-size":"auto","background-attachment":"scroll","background-type":"","background-media":"","overlay-type":"","overlay-color":"","overlay-opacity":"","overlay-gradient":""},"mobile":{"background-color":"var(--ast-global-color-5)","background-image":"","background-repeat":"repeat","background-position":"center center","background-size":"auto","background-attachment":"scroll","background-type":"","background-media":"","overlay-type":"","overlay-color":"","overlay-opacity":"","overlay-gradient":""}},"footnotes":""},"categories":[],"tags":[],"class_list":["post-36448","page","type-page","status-publish","hentry"],"featured_image_urls_v2":{"full":"","thumbnail":"","medium":"","medium_large":"","large":"","1536x1536":"","2048x2048":"","menu-24x24":"","menu-36x36":"","menu-48x48":""},"post_excerpt_stackable_v2":"<p>fot. Magdalena Marcula Department of Cellular Molecular Biology DEPARTMENT HEAD Dr hab. Magdalena Wo\u0142oszy\u0144ska, prof. UWr STAFF MEMBERS Dr hab. Ma\u0142gorzata Heidorn-Czarna Dr Ma\u0142gorzata Kwa\u015bniak-Owczarek Dr Urszula Ka\u017amierczak Mgr Agata Sado-Gu\u017ada Contact Dr hab. Magdalena Wo\u0142oszy\u0144ska, prof. UWr: room 2.10, tel. 71 375 62 49 Dr hab. Ma\u0142gorzata Heidorn-Czarna: room 2.12, tel. 71 375 62 73Dr Ma\u0142gorzata Kwa\u015bniak-Owczarek: room 2.11, tel. 71 375 62 97Dr Urszula Ka\u017amierczak: room 2.12, tel. 71 375 62 73Mgr Agata Sado-Gu\u017ada: room 2.11, tel. 71 375 62 97Students: room 2.09, tel. 71 375 62 92 RESEARCH TOPICS Organellar cross-talk: nucleus, mitochondria and chloroplasts Regulation of&hellip;<\/p>\n","category_list_v2":"Uncategorized","author_info_v2":{"name":"mmatlinski","url":"https:\/\/biotech.uwr.edu.pl\/en\/author\/mmatlinski\/"},"comments_num_v2":"0 comments","acf":[],"yoast_head":"<!-- This site is optimized with the Yoast SEO plugin v27.1.1 - https:\/\/yoast.com\/product\/yoast-seo-wordpress\/ -->\n<title>Department of Cellular Molecular Biology - Wydzia\u0142 Biotechnologii<\/title>\n<meta name=\"description\" content=\"Wydzia\u0142 Biotechnologii\" \/>\n<meta name=\"robots\" content=\"index, follow, max-snippet:-1, max-image-preview:large, max-video-preview:-1\" \/>\n<link rel=\"canonical\" href=\"https:\/\/biotech.uwr.edu.pl\/en\/department-of-cellular-molecular-biology\/\" \/>\n<meta property=\"og:locale\" content=\"en_US\" \/>\n<meta property=\"og:type\" content=\"article\" \/>\n<meta property=\"og:title\" content=\"Department of Cellular Molecular Biology - Wydzia\u0142 Biotechnologii\" \/>\n<meta property=\"og:description\" content=\"Wydzia\u0142 Biotechnologii\" \/>\n<meta property=\"og:url\" content=\"https:\/\/biotech.uwr.edu.pl\/en\/department-of-cellular-molecular-biology\/\" \/>\n<meta property=\"og:site_name\" content=\"Wydzia\u0142 Biotechnologii\" \/>\n<meta property=\"article:modified_time\" content=\"2025-05-12T09:52:29+00:00\" \/>\n<meta property=\"og:image\" content=\"https:\/\/biotech.uwr.edu.pl\/wp-content\/uploads\/sites\/261\/2022\/09\/biotechnologia-fot.-Magdalena-Marcula-Biuro-ds.-Promocji-UWr-86-1024x683.jpg\" \/>\n<meta name=\"twitter:card\" content=\"summary_large_image\" \/>\n<meta name=\"twitter:label1\" content=\"Est. reading time\" \/>\n\t<meta name=\"twitter:data1\" content=\"2 minutes\" \/>\n<script type=\"application\/ld+json\" class=\"yoast-schema-graph\">{\"@context\":\"https:\/\/schema.org\",\"@graph\":[{\"@type\":\"WebPage\",\"@id\":\"https:\/\/biotech.uwr.edu.pl\/en\/department-of-cellular-molecular-biology\/\",\"url\":\"https:\/\/biotech.uwr.edu.pl\/en\/department-of-cellular-molecular-biology\/\",\"name\":\"Department of Cellular Molecular Biology - Wydzia\u0142 Biotechnologii\",\"isPartOf\":{\"@id\":\"https:\/\/biotech.uwr.edu.pl\/#website\"},\"primaryImageOfPage\":{\"@id\":\"https:\/\/biotech.uwr.edu.pl\/en\/department-of-cellular-molecular-biology\/#primaryimage\"},\"image\":{\"@id\":\"https:\/\/biotech.uwr.edu.pl\/en\/department-of-cellular-molecular-biology\/#primaryimage\"},\"thumbnailUrl\":\"https:\/\/biotech.uwr.edu.pl\/wp-content\/uploads\/sites\/261\/2022\/09\/biotechnologia-fot.-Magdalena-Marcula-Biuro-ds.-Promocji-UWr-86-1024x683.jpg\",\"datePublished\":\"2022-06-24T15:21:49+00:00\",\"dateModified\":\"2025-05-12T09:52:29+00:00\",\"description\":\"Wydzia\u0142 Biotechnologii\",\"breadcrumb\":{\"@id\":\"https:\/\/biotech.uwr.edu.pl\/en\/department-of-cellular-molecular-biology\/#breadcrumb\"},\"inLanguage\":\"en-US\",\"potentialAction\":[{\"@type\":\"ReadAction\",\"target\":[\"https:\/\/biotech.uwr.edu.pl\/en\/department-of-cellular-molecular-biology\/\"]}]},{\"@type\":\"ImageObject\",\"inLanguage\":\"en-US\",\"@id\":\"https:\/\/biotech.uwr.edu.pl\/en\/department-of-cellular-molecular-biology\/#primaryimage\",\"url\":\"https:\/\/biotech.uwr.edu.pl\/wp-content\/uploads\/sites\/261\/2022\/09\/biotechnologia-fot.-Magdalena-Marcula-Biuro-ds.-Promocji-UWr-86-1024x683.jpg\",\"contentUrl\":\"https:\/\/biotech.uwr.edu.pl\/wp-content\/uploads\/sites\/261\/2022\/09\/biotechnologia-fot.-Magdalena-Marcula-Biuro-ds.-Promocji-UWr-86-1024x683.jpg\"},{\"@type\":\"BreadcrumbList\",\"@id\":\"https:\/\/biotech.uwr.edu.pl\/en\/department-of-cellular-molecular-biology\/#breadcrumb\",\"itemListElement\":[{\"@type\":\"ListItem\",\"position\":1,\"name\":\"Strona g\u0142\u00f3wna\",\"item\":\"https:\/\/biotech.uwr.edu.pl\/en\/\"},{\"@type\":\"ListItem\",\"position\":2,\"name\":\"Department of Cellular Molecular Biology\"}]},{\"@type\":\"WebSite\",\"@id\":\"https:\/\/biotech.uwr.edu.pl\/#website\",\"url\":\"https:\/\/biotech.uwr.edu.pl\/\",\"name\":\"Wydzia\u0142 Biotechnologii\",\"description\":\"Kolejna witryna sieci \u201eUWR Witryny\u201d\",\"publisher\":{\"@id\":\"https:\/\/biotech.uwr.edu.pl\/#organization\"},\"potentialAction\":[{\"@type\":\"SearchAction\",\"target\":{\"@type\":\"EntryPoint\",\"urlTemplate\":\"https:\/\/biotech.uwr.edu.pl\/?s={search_term_string}\"},\"query-input\":{\"@type\":\"PropertyValueSpecification\",\"valueRequired\":true,\"valueName\":\"search_term_string\"}}],\"inLanguage\":\"en-US\"},{\"@type\":\"Organization\",\"@id\":\"https:\/\/biotech.uwr.edu.pl\/#organization\",\"name\":\"Wydzia\u0142 Biotechnologii\",\"url\":\"https:\/\/biotech.uwr.edu.pl\/\",\"logo\":{\"@type\":\"ImageObject\",\"inLanguage\":\"en-US\",\"@id\":\"https:\/\/biotech.uwr.edu.pl\/#\/schema\/logo\/image\/\",\"url\":\"https:\/\/biotech.uwr.edu.pl\/wp-content\/uploads\/sites\/261\/2025\/10\/UWr-logotyp-2025.png\",\"contentUrl\":\"https:\/\/biotech.uwr.edu.pl\/wp-content\/uploads\/sites\/261\/2025\/10\/UWr-logotyp-2025.png\",\"width\":764,\"height\":269,\"caption\":\"Wydzia\u0142 Biotechnologii\"},\"image\":{\"@id\":\"https:\/\/biotech.uwr.edu.pl\/#\/schema\/logo\/image\/\"}}]}<\/script>\n<!-- \/ Yoast SEO plugin. -->","yoast_head_json":{"title":"Department of Cellular Molecular Biology - Wydzia\u0142 Biotechnologii","description":"Wydzia\u0142 Biotechnologii","robots":{"index":"index","follow":"follow","max-snippet":"max-snippet:-1","max-image-preview":"max-image-preview:large","max-video-preview":"max-video-preview:-1"},"canonical":"https:\/\/biotech.uwr.edu.pl\/en\/department-of-cellular-molecular-biology\/","og_locale":"en_US","og_type":"article","og_title":"Department of Cellular Molecular Biology - Wydzia\u0142 Biotechnologii","og_description":"Wydzia\u0142 Biotechnologii","og_url":"https:\/\/biotech.uwr.edu.pl\/en\/department-of-cellular-molecular-biology\/","og_site_name":"Wydzia\u0142 Biotechnologii","article_modified_time":"2025-05-12T09:52:29+00:00","og_image":[{"url":"https:\/\/biotech.uwr.edu.pl\/wp-content\/uploads\/sites\/261\/2022\/09\/biotechnologia-fot.-Magdalena-Marcula-Biuro-ds.-Promocji-UWr-86-1024x683.jpg","type":"","width":"","height":""}],"twitter_card":"summary_large_image","twitter_misc":{"Est. reading time":"2 minutes"},"schema":{"@context":"https:\/\/schema.org","@graph":[{"@type":"WebPage","@id":"https:\/\/biotech.uwr.edu.pl\/en\/department-of-cellular-molecular-biology\/","url":"https:\/\/biotech.uwr.edu.pl\/en\/department-of-cellular-molecular-biology\/","name":"Department of Cellular Molecular Biology - Wydzia\u0142 Biotechnologii","isPartOf":{"@id":"https:\/\/biotech.uwr.edu.pl\/#website"},"primaryImageOfPage":{"@id":"https:\/\/biotech.uwr.edu.pl\/en\/department-of-cellular-molecular-biology\/#primaryimage"},"image":{"@id":"https:\/\/biotech.uwr.edu.pl\/en\/department-of-cellular-molecular-biology\/#primaryimage"},"thumbnailUrl":"https:\/\/biotech.uwr.edu.pl\/wp-content\/uploads\/sites\/261\/2022\/09\/biotechnologia-fot.-Magdalena-Marcula-Biuro-ds.-Promocji-UWr-86-1024x683.jpg","datePublished":"2022-06-24T15:21:49+00:00","dateModified":"2025-05-12T09:52:29+00:00","description":"Wydzia\u0142 Biotechnologii","breadcrumb":{"@id":"https:\/\/biotech.uwr.edu.pl\/en\/department-of-cellular-molecular-biology\/#breadcrumb"},"inLanguage":"en-US","potentialAction":[{"@type":"ReadAction","target":["https:\/\/biotech.uwr.edu.pl\/en\/department-of-cellular-molecular-biology\/"]}]},{"@type":"ImageObject","inLanguage":"en-US","@id":"https:\/\/biotech.uwr.edu.pl\/en\/department-of-cellular-molecular-biology\/#primaryimage","url":"https:\/\/biotech.uwr.edu.pl\/wp-content\/uploads\/sites\/261\/2022\/09\/biotechnologia-fot.-Magdalena-Marcula-Biuro-ds.-Promocji-UWr-86-1024x683.jpg","contentUrl":"https:\/\/biotech.uwr.edu.pl\/wp-content\/uploads\/sites\/261\/2022\/09\/biotechnologia-fot.-Magdalena-Marcula-Biuro-ds.-Promocji-UWr-86-1024x683.jpg"},{"@type":"BreadcrumbList","@id":"https:\/\/biotech.uwr.edu.pl\/en\/department-of-cellular-molecular-biology\/#breadcrumb","itemListElement":[{"@type":"ListItem","position":1,"name":"Strona g\u0142\u00f3wna","item":"https:\/\/biotech.uwr.edu.pl\/en\/"},{"@type":"ListItem","position":2,"name":"Department of Cellular Molecular Biology"}]},{"@type":"WebSite","@id":"https:\/\/biotech.uwr.edu.pl\/#website","url":"https:\/\/biotech.uwr.edu.pl\/","name":"Wydzia\u0142 Biotechnologii","description":"Kolejna witryna sieci \u201eUWR Witryny\u201d","publisher":{"@id":"https:\/\/biotech.uwr.edu.pl\/#organization"},"potentialAction":[{"@type":"SearchAction","target":{"@type":"EntryPoint","urlTemplate":"https:\/\/biotech.uwr.edu.pl\/?s={search_term_string}"},"query-input":{"@type":"PropertyValueSpecification","valueRequired":true,"valueName":"search_term_string"}}],"inLanguage":"en-US"},{"@type":"Organization","@id":"https:\/\/biotech.uwr.edu.pl\/#organization","name":"Wydzia\u0142 Biotechnologii","url":"https:\/\/biotech.uwr.edu.pl\/","logo":{"@type":"ImageObject","inLanguage":"en-US","@id":"https:\/\/biotech.uwr.edu.pl\/#\/schema\/logo\/image\/","url":"https:\/\/biotech.uwr.edu.pl\/wp-content\/uploads\/sites\/261\/2025\/10\/UWr-logotyp-2025.png","contentUrl":"https:\/\/biotech.uwr.edu.pl\/wp-content\/uploads\/sites\/261\/2025\/10\/UWr-logotyp-2025.png","width":764,"height":269,"caption":"Wydzia\u0142 Biotechnologii"},"image":{"@id":"https:\/\/biotech.uwr.edu.pl\/#\/schema\/logo\/image\/"}}]}},"publishpress_future_action":{"enabled":false,"date":"2026-05-08 23:36:41","action":"change-status","newStatus":"draft","terms":[],"taxonomy":"category","extraData":[]},"publishpress_future_workflow_manual_trigger":{"enabledWorkflows":[]},"_links":{"self":[{"href":"https:\/\/biotech.uwr.edu.pl\/en\/wp-json\/wp\/v2\/pages\/36448\/"}],"collection":[{"href":"https:\/\/biotech.uwr.edu.pl\/en\/wp-json\/wp\/v2\/pages\/"}],"about":[{"href":"https:\/\/biotech.uwr.edu.pl\/en\/wp-json\/wp\/v2\/types\/page\/"}],"author":[{"embeddable":true,"href":"https:\/\/biotech.uwr.edu.pl\/en\/wp-json\/wp\/v2\/users\/20\/"}],"replies":[{"embeddable":true,"href":"https:\/\/biotech.uwr.edu.pl\/en\/wp-json\/wp\/v2\/comments\/?post=36448"}],"version-history":[{"count":9,"href":"https:\/\/biotech.uwr.edu.pl\/en\/wp-json\/wp\/v2\/pages\/36448\/revisions\/"}],"predecessor-version":[{"id":58582,"href":"https:\/\/biotech.uwr.edu.pl\/en\/wp-json\/wp\/v2\/pages\/36448\/revisions\/58582\/"}],"wp:attachment":[{"href":"https:\/\/biotech.uwr.edu.pl\/en\/wp-json\/wp\/v2\/media\/?parent=36448"}],"wp:term":[{"taxonomy":"category","embeddable":true,"href":"https:\/\/biotech.uwr.edu.pl\/en\/wp-json\/wp\/v2\/categories\/?post=36448"},{"taxonomy":"post_tag","embeddable":true,"href":"https:\/\/biotech.uwr.edu.pl\/en\/wp-json\/wp\/v2\/tags\/?post=36448"}],"curies":[{"name":"wp","href":"https:\/\/api.w.org\/{rel}","templated":true}]}}