{"id":36163,"date":"2022-06-24T18:21:00","date_gmt":"2022-06-24T16:21:00","guid":{"rendered":"https:\/\/biotech.uwr.edu.pl\/zaklad-bioinformatyki-i-genomiki\/"},"modified":"2025-11-28T11:21:50","modified_gmt":"2025-11-28T10:21:50","slug":"department-of-bioinformatics-and-genomics","status":"publish","type":"page","link":"https:\/\/biotech.uwr.edu.pl\/en\/department-of-bioinformatics-and-genomics\/","title":{"rendered":"Department of Bioinformatics and Genomics"},"content":{"rendered":"\n<div class=\"wp-block-ugb-container ugb-container blok_nowa_podstrona ugb-8dda971 ugb-container--v2 ugb-container--design-plain ugb-main-block\"><div class=\"ugb-inner-block\"><div class=\"ugb-block-content\"><div class=\"ugb-container__wrapper ugb-8dda971-wrapper\"><div class=\"ugb-container__side\"><div class=\"ugb-container__content-wrapper ugb-8dda971-content-wrapper\">\n<div class=\"wp-block-columns bs-news-page is-layout-flex wp-block-columns-is-layout-flex\">\n<div class=\"wp-block-column bs-kontakt-photo is-layout-flow wp-block-column-is-layout-flow\">\n<figure class=\"wp-block-image size-large\"><img loading=\"lazy\" decoding=\"async\" width=\"1024\" height=\"683\" src=\"https:\/\/biotech.uwr.edu.pl\/wp-content\/uploads\/sites\/261\/2023\/03\/DSC01566-1320x880-2-1-1024x683.webp\" alt=\"Biblioteka Uniwersytecka\" class=\"wp-image-47262\" srcset=\"https:\/\/biotech.uwr.edu.pl\/wp-content\/uploads\/sites\/261\/2023\/03\/DSC01566-1320x880-2-1-1024x683.webp 1024w, https:\/\/biotech.uwr.edu.pl\/wp-content\/uploads\/sites\/261\/2023\/03\/DSC01566-1320x880-2-1-300x200.webp 300w, https:\/\/biotech.uwr.edu.pl\/wp-content\/uploads\/sites\/261\/2023\/03\/DSC01566-1320x880-2-1-768x512.webp 768w, https:\/\/biotech.uwr.edu.pl\/wp-content\/uploads\/sites\/261\/2023\/03\/DSC01566-1320x880-2-1-24x16.webp 24w, https:\/\/biotech.uwr.edu.pl\/wp-content\/uploads\/sites\/261\/2023\/03\/DSC01566-1320x880-2-1-36x24.webp 36w, https:\/\/biotech.uwr.edu.pl\/wp-content\/uploads\/sites\/261\/2023\/03\/DSC01566-1320x880-2-1-48x32.webp 48w, https:\/\/biotech.uwr.edu.pl\/wp-content\/uploads\/sites\/261\/2023\/03\/DSC01566-1320x880-2-1.webp 1320w\" sizes=\"auto, (max-width: 1024px) 100vw, 1024px\" \/><figcaption class=\"wp-element-caption\"><a href=\"http:\/\/smorfland.uni.wroc.pl\/\">Department Home Page<\/a><\/figcaption><\/figure>\n<\/div>\n\n\n\n<div class=\"wp-block-column bs-contact-right-column is-layout-flow wp-block-column-is-layout-flow\">\n<div class=\"wp-block-bonasoft-modular-breadcrumbs-block\"><div class=\"bs_add_breadcrumb_trail\"><\/div><\/div>\n\n\n\n<hr class=\"wp-block-separator has-text-color has-black-color has-css-opacity has-black-background-color has-background is-style-wide bs-border-kontakt\"\/>\n\n\n\n<h1 class=\"wp-block-heading bs-naglowek-podstrony\"><strong>Department of Bioinformatics and Genomics<\/strong><\/h1>\n\n\n\n<h2 class=\"wp-block-heading\">DEPARTMENT HEAD<\/h2>\n\n\n\n<p><a href=\"https:\/\/old.uni.wroc.pl\/en\/search-for-employees\/employee\/?p_id=588768\">Prof. dr hab. Pawe\u0142 Mackiewicz<\/a><\/p>\n\n\n\n<ul class=\"wp-block-list\">\n<li>Member of the Polish Genetic Society (since 2001)<\/li>\n\n\n\n<li>Member of the Polish Bioinformatics Society (since 2007)<\/li>\n\n\n\n<li>Member of the Consortium Research Center Fauna of the Pleistocene Europe (since 2012)<\/li>\n\n\n\n<li>Member of the Nematology Diagnostic and Training Centre, Laboratory of Molecular Techniques (since 2010)<\/li>\n<\/ul>\n<\/div>\n<\/div>\n\n\n\n<div class=\"wp-block-ugb-container ugb-container bs-news-page-under ugb-f8694ce ugb-container--v2 ugb-container--design-plain ugb-main-block\"><div class=\"ugb-inner-block\"><div class=\"ugb-block-content\"><div class=\"ugb-container__wrapper ugb-f8694ce-wrapper\"><div class=\"ugb-container__side\"><div class=\"ugb-container__content-wrapper ugb-f8694ce-content-wrapper\">\n<h2 class=\"wp-block-heading\">STAFF MEMBERS<\/h2>\n\n\n\n<ul class=\"wp-block-list\">\n<li><a href=\"https:\/\/old.uni.wroc.pl\/en\/search-for-employees\/employee\/?p_id=591299\">Dr hab. Dorota Mackiewicz<\/a> &#8211; Member of the Polish Genetic Society<\/li>\n\n\n\n<li><a href=\"https:\/\/old.uni.wroc.pl\/en\/search-for-employees\/employee\/?p_id=590069\">Dr Pawe\u0142 B\u0142a\u017cej<\/a><\/li>\n\n\n\n<li><a href=\"https:\/\/old.uni.wroc.pl\/en\/search-for-employees\/employee\/?p_id=598236\">Dr Przemys\u0142aw Gagat<\/a><\/li>\n\n\n\n<li><a href=\"https:\/\/old.uni.wroc.pl\/en\/search-for-employees\/employee\/?p_id=698213\" target=\"_blank\" rel=\"noreferrer noopener\">Mgr in\u017c. Sebastian Nowali\u0144ski<\/a><\/li>\n<\/ul>\n\n\n\n<h2 class=\"wp-block-heading\">RESEARCH TOPICS<\/h2>\n\n\n\n<ul class=\"wp-block-list\">\n<li>Recognition of protein coding sequences<\/li>\n\n\n\n<li>Overlapping genes and generation of new coding sequences<\/li>\n\n\n\n<li>Analysis of prokaryotic and eukaryotic genome structure<\/li>\n\n\n\n<li>Computer simulation and modeling of genes, chromosomes, genomes and populations evolution<\/li>\n\n\n\n<li>Role of intragenomic recombination frequency and inbreeding in sympatric speciation<\/li>\n\n\n\n<li>Analyses of reasons of higher genetic defect frequency after in vitro fertilization<\/li>\n\n\n\n<li>Molecular phylogeny and evolution of various genes and proteins, including ancient DNA<\/li>\n\n\n\n<li>Endosymbiosis and evolution of primary and complex plastids<\/li>\n<\/ul>\n\n\n\n<h2 class=\"wp-block-heading\"><a href=\"http:\/\/smorfland.uni.wroc.pl\/index.php\/Main\/OurPublications\">List of publications<\/a><\/h2>\n\n\n\n<h2 class=\"wp-block-heading\">PARTICIPATION IN RESEARCH PROGRAMS<\/h2>\n\n\n\n<ul class=\"wp-block-list\">\n<li>European Science Foundation \u2013 COST Action P10 \u2013 Physics of Risk \u2013 Participant and Management Committee Member<\/li>\n\n\n\n<li>European Science Foundation\u00a0\u2013 COST Action MP0801 \u2013 Physics of Competition and Conflicts\u00a0\u2013 Participant and Management Committee Member<\/li>\n\n\n\n<li>FP6 Program: NEST \u2013 General Integration of the Applications of Complexity in Science (GIACS) \u2013 Participant<\/li>\n<\/ul>\n<\/div><\/div><\/div><\/div><\/div><\/div>\n<\/div><\/div><\/div><\/div><\/div><\/div>\n\n\n\n<p><\/p>\n","protected":false},"excerpt":{"rendered":"<p>Department of Bioinformatics and Genomics DEPARTMENT HEAD Prof. dr hab. Pawe\u0142 Mackiewicz STAFF MEMBERS RESEARCH TOPICS List of publications PARTICIPATION IN RESEARCH PROGRAMS<\/p>\n","protected":false},"author":20,"featured_media":0,"parent":0,"menu_order":0,"comment_status":"closed","ping_status":"closed","template":"","meta":{"_acf_changed":false,"inline_featured_image":false,"site-sidebar-layout":"default","site-content-layout":"","ast-site-content-layout":"default","site-content-style":"default","site-sidebar-style":"default","ast-global-header-display":"","ast-banner-title-visibility":"","ast-main-header-display":"","ast-hfb-above-header-display":"","ast-hfb-below-header-display":"","ast-hfb-mobile-header-display":"","site-post-title":"","ast-breadcrumbs-content":"","ast-featured-img":"","footer-sml-layout":"","ast-disable-related-posts":"","theme-transparent-header-meta":"","adv-header-id-meta":"","stick-header-meta":"","header-above-stick-meta":"","header-main-stick-meta":"","header-below-stick-meta":"","astra-migrate-meta-layouts":"set","ast-page-background-enabled":"default","ast-page-background-meta":{"desktop":{"background-color":"","background-image":"","background-repeat":"repeat","background-position":"center center","background-size":"auto","background-attachment":"scroll","background-type":"","background-media":"","overlay-type":"","overlay-color":"","overlay-opacity":"","overlay-gradient":""},"tablet":{"background-color":"","background-image":"","background-repeat":"repeat","background-position":"center center","background-size":"auto","background-attachment":"scroll","background-type":"","background-media":"","overlay-type":"","overlay-color":"","overlay-opacity":"","overlay-gradient":""},"mobile":{"background-color":"","background-image":"","background-repeat":"repeat","background-position":"center center","background-size":"auto","background-attachment":"scroll","background-type":"","background-media":"","overlay-type":"","overlay-color":"","overlay-opacity":"","overlay-gradient":""}},"ast-content-background-meta":{"desktop":{"background-color":"var(--ast-global-color-5)","background-image":"","background-repeat":"repeat","background-position":"center center","background-size":"auto","background-attachment":"scroll","background-type":"","background-media":"","overlay-type":"","overlay-color":"","overlay-opacity":"","overlay-gradient":""},"tablet":{"background-color":"var(--ast-global-color-5)","background-image":"","background-repeat":"repeat","background-position":"center center","background-size":"auto","background-attachment":"scroll","background-type":"","background-media":"","overlay-type":"","overlay-color":"","overlay-opacity":"","overlay-gradient":""},"mobile":{"background-color":"var(--ast-global-color-5)","background-image":"","background-repeat":"repeat","background-position":"center center","background-size":"auto","background-attachment":"scroll","background-type":"","background-media":"","overlay-type":"","overlay-color":"","overlay-opacity":"","overlay-gradient":""}},"footnotes":""},"categories":[],"tags":[],"class_list":["post-36163","page","type-page","status-publish","hentry"],"featured_image_urls_v2":{"full":"","thumbnail":"","medium":"","medium_large":"","large":"","1536x1536":"","2048x2048":"","menu-24x24":"","menu-36x36":"","menu-48x48":""},"post_excerpt_stackable_v2":"<p>Department Home Page Department of Bioinformatics and Genomics DEPARTMENT HEAD Prof. dr hab. Pawe\u0142 Mackiewicz Member of the Polish Genetic Society (since 2001) Member of the Polish Bioinformatics Society (since 2007) Member of the Consortium Research Center Fauna of the Pleistocene Europe (since 2012) Member of the Nematology Diagnostic and Training Centre, Laboratory of Molecular Techniques (since 2010) STAFF MEMBERS Dr hab. Dorota Mackiewicz &#8211; Member of the Polish Genetic Society Dr Pawe\u0142 B\u0142a\u017cej Dr Przemys\u0142aw Gagat Mgr in\u017c. Sebastian Nowali\u0144ski RESEARCH TOPICS Recognition of protein coding sequences Overlapping genes and generation of new coding sequences Analysis of prokaryotic and&hellip;<\/p>\n","category_list_v2":"Uncategorized","author_info_v2":{"name":"mmatlinski","url":"https:\/\/biotech.uwr.edu.pl\/en\/author\/mmatlinski\/"},"comments_num_v2":"0 comments","acf":[],"yoast_head":"<!-- This site is optimized with the Yoast SEO plugin v27.1.1 - https:\/\/yoast.com\/product\/yoast-seo-wordpress\/ -->\n<title>Department of Bioinformatics and Genomics - Wydzia\u0142 Biotechnologii<\/title>\n<meta name=\"description\" content=\"Wydzia\u0142 Biotechnologii\" \/>\n<meta name=\"robots\" content=\"index, follow, max-snippet:-1, max-image-preview:large, max-video-preview:-1\" \/>\n<link rel=\"canonical\" href=\"https:\/\/biotech.uwr.edu.pl\/en\/department-of-bioinformatics-and-genomics\/\" \/>\n<meta property=\"og:locale\" content=\"en_US\" \/>\n<meta property=\"og:type\" content=\"article\" \/>\n<meta property=\"og:title\" content=\"Department of Bioinformatics and Genomics - Wydzia\u0142 Biotechnologii\" \/>\n<meta property=\"og:description\" content=\"Wydzia\u0142 Biotechnologii\" \/>\n<meta property=\"og:url\" content=\"https:\/\/biotech.uwr.edu.pl\/en\/department-of-bioinformatics-and-genomics\/\" \/>\n<meta property=\"og:site_name\" content=\"Wydzia\u0142 Biotechnologii\" \/>\n<meta property=\"article:modified_time\" content=\"2025-11-28T10:21:50+00:00\" \/>\n<meta property=\"og:image\" content=\"https:\/\/biotech.uwr.edu.pl\/wp-content\/uploads\/sites\/261\/2023\/03\/DSC01566-1320x880-2-1.webp\" \/>\n\t<meta property=\"og:image:width\" content=\"1320\" \/>\n\t<meta property=\"og:image:height\" content=\"880\" \/>\n\t<meta property=\"og:image:type\" content=\"image\/webp\" \/>\n<meta name=\"twitter:card\" content=\"summary_large_image\" \/>\n<meta name=\"twitter:label1\" content=\"Est. reading time\" \/>\n\t<meta name=\"twitter:data1\" content=\"2 minutes\" \/>\n<script type=\"application\/ld+json\" class=\"yoast-schema-graph\">{\"@context\":\"https:\/\/schema.org\",\"@graph\":[{\"@type\":\"WebPage\",\"@id\":\"https:\/\/biotech.uwr.edu.pl\/en\/department-of-bioinformatics-and-genomics\/\",\"url\":\"https:\/\/biotech.uwr.edu.pl\/en\/department-of-bioinformatics-and-genomics\/\",\"name\":\"Department of Bioinformatics and Genomics - Wydzia\u0142 Biotechnologii\",\"isPartOf\":{\"@id\":\"https:\/\/biotech.uwr.edu.pl\/#website\"},\"primaryImageOfPage\":{\"@id\":\"https:\/\/biotech.uwr.edu.pl\/en\/department-of-bioinformatics-and-genomics\/#primaryimage\"},\"image\":{\"@id\":\"https:\/\/biotech.uwr.edu.pl\/en\/department-of-bioinformatics-and-genomics\/#primaryimage\"},\"thumbnailUrl\":\"https:\/\/biotech.uwr.edu.pl\/wp-content\/uploads\/sites\/261\/2023\/03\/DSC01566-1320x880-2-1-1024x683.webp\",\"datePublished\":\"2022-06-24T16:21:00+00:00\",\"dateModified\":\"2025-11-28T10:21:50+00:00\",\"description\":\"Wydzia\u0142 Biotechnologii\",\"breadcrumb\":{\"@id\":\"https:\/\/biotech.uwr.edu.pl\/en\/department-of-bioinformatics-and-genomics\/#breadcrumb\"},\"inLanguage\":\"en-US\",\"potentialAction\":[{\"@type\":\"ReadAction\",\"target\":[\"https:\/\/biotech.uwr.edu.pl\/en\/department-of-bioinformatics-and-genomics\/\"]}]},{\"@type\":\"ImageObject\",\"inLanguage\":\"en-US\",\"@id\":\"https:\/\/biotech.uwr.edu.pl\/en\/department-of-bioinformatics-and-genomics\/#primaryimage\",\"url\":\"https:\/\/biotech.uwr.edu.pl\/wp-content\/uploads\/sites\/261\/2023\/03\/DSC01566-1320x880-2-1-1024x683.webp\",\"contentUrl\":\"https:\/\/biotech.uwr.edu.pl\/wp-content\/uploads\/sites\/261\/2023\/03\/DSC01566-1320x880-2-1-1024x683.webp\"},{\"@type\":\"BreadcrumbList\",\"@id\":\"https:\/\/biotech.uwr.edu.pl\/en\/department-of-bioinformatics-and-genomics\/#breadcrumb\",\"itemListElement\":[{\"@type\":\"ListItem\",\"position\":1,\"name\":\"Strona g\u0142\u00f3wna\",\"item\":\"https:\/\/biotech.uwr.edu.pl\/en\/\"},{\"@type\":\"ListItem\",\"position\":2,\"name\":\"Department of Bioinformatics and Genomics\"}]},{\"@type\":\"WebSite\",\"@id\":\"https:\/\/biotech.uwr.edu.pl\/#website\",\"url\":\"https:\/\/biotech.uwr.edu.pl\/\",\"name\":\"Wydzia\u0142 Biotechnologii\",\"description\":\"Kolejna witryna sieci \u201eUWR Witryny\u201d\",\"publisher\":{\"@id\":\"https:\/\/biotech.uwr.edu.pl\/#organization\"},\"potentialAction\":[{\"@type\":\"SearchAction\",\"target\":{\"@type\":\"EntryPoint\",\"urlTemplate\":\"https:\/\/biotech.uwr.edu.pl\/?s={search_term_string}\"},\"query-input\":{\"@type\":\"PropertyValueSpecification\",\"valueRequired\":true,\"valueName\":\"search_term_string\"}}],\"inLanguage\":\"en-US\"},{\"@type\":\"Organization\",\"@id\":\"https:\/\/biotech.uwr.edu.pl\/#organization\",\"name\":\"Wydzia\u0142 Biotechnologii\",\"url\":\"https:\/\/biotech.uwr.edu.pl\/\",\"logo\":{\"@type\":\"ImageObject\",\"inLanguage\":\"en-US\",\"@id\":\"https:\/\/biotech.uwr.edu.pl\/#\/schema\/logo\/image\/\",\"url\":\"https:\/\/biotech.uwr.edu.pl\/wp-content\/uploads\/sites\/261\/2025\/10\/UWr-logotyp-2025.png\",\"contentUrl\":\"https:\/\/biotech.uwr.edu.pl\/wp-content\/uploads\/sites\/261\/2025\/10\/UWr-logotyp-2025.png\",\"width\":764,\"height\":269,\"caption\":\"Wydzia\u0142 Biotechnologii\"},\"image\":{\"@id\":\"https:\/\/biotech.uwr.edu.pl\/#\/schema\/logo\/image\/\"}}]}<\/script>\n<!-- \/ Yoast SEO plugin. -->","yoast_head_json":{"title":"Department of Bioinformatics and Genomics - Wydzia\u0142 Biotechnologii","description":"Wydzia\u0142 Biotechnologii","robots":{"index":"index","follow":"follow","max-snippet":"max-snippet:-1","max-image-preview":"max-image-preview:large","max-video-preview":"max-video-preview:-1"},"canonical":"https:\/\/biotech.uwr.edu.pl\/en\/department-of-bioinformatics-and-genomics\/","og_locale":"en_US","og_type":"article","og_title":"Department of Bioinformatics and Genomics - Wydzia\u0142 Biotechnologii","og_description":"Wydzia\u0142 Biotechnologii","og_url":"https:\/\/biotech.uwr.edu.pl\/en\/department-of-bioinformatics-and-genomics\/","og_site_name":"Wydzia\u0142 Biotechnologii","article_modified_time":"2025-11-28T10:21:50+00:00","og_image":[{"width":1320,"height":880,"url":"https:\/\/biotech.uwr.edu.pl\/wp-content\/uploads\/sites\/261\/2023\/03\/DSC01566-1320x880-2-1.webp","type":"image\/webp"}],"twitter_card":"summary_large_image","twitter_misc":{"Est. reading time":"2 minutes"},"schema":{"@context":"https:\/\/schema.org","@graph":[{"@type":"WebPage","@id":"https:\/\/biotech.uwr.edu.pl\/en\/department-of-bioinformatics-and-genomics\/","url":"https:\/\/biotech.uwr.edu.pl\/en\/department-of-bioinformatics-and-genomics\/","name":"Department of Bioinformatics and Genomics - Wydzia\u0142 Biotechnologii","isPartOf":{"@id":"https:\/\/biotech.uwr.edu.pl\/#website"},"primaryImageOfPage":{"@id":"https:\/\/biotech.uwr.edu.pl\/en\/department-of-bioinformatics-and-genomics\/#primaryimage"},"image":{"@id":"https:\/\/biotech.uwr.edu.pl\/en\/department-of-bioinformatics-and-genomics\/#primaryimage"},"thumbnailUrl":"https:\/\/biotech.uwr.edu.pl\/wp-content\/uploads\/sites\/261\/2023\/03\/DSC01566-1320x880-2-1-1024x683.webp","datePublished":"2022-06-24T16:21:00+00:00","dateModified":"2025-11-28T10:21:50+00:00","description":"Wydzia\u0142 Biotechnologii","breadcrumb":{"@id":"https:\/\/biotech.uwr.edu.pl\/en\/department-of-bioinformatics-and-genomics\/#breadcrumb"},"inLanguage":"en-US","potentialAction":[{"@type":"ReadAction","target":["https:\/\/biotech.uwr.edu.pl\/en\/department-of-bioinformatics-and-genomics\/"]}]},{"@type":"ImageObject","inLanguage":"en-US","@id":"https:\/\/biotech.uwr.edu.pl\/en\/department-of-bioinformatics-and-genomics\/#primaryimage","url":"https:\/\/biotech.uwr.edu.pl\/wp-content\/uploads\/sites\/261\/2023\/03\/DSC01566-1320x880-2-1-1024x683.webp","contentUrl":"https:\/\/biotech.uwr.edu.pl\/wp-content\/uploads\/sites\/261\/2023\/03\/DSC01566-1320x880-2-1-1024x683.webp"},{"@type":"BreadcrumbList","@id":"https:\/\/biotech.uwr.edu.pl\/en\/department-of-bioinformatics-and-genomics\/#breadcrumb","itemListElement":[{"@type":"ListItem","position":1,"name":"Strona g\u0142\u00f3wna","item":"https:\/\/biotech.uwr.edu.pl\/en\/"},{"@type":"ListItem","position":2,"name":"Department of Bioinformatics and Genomics"}]},{"@type":"WebSite","@id":"https:\/\/biotech.uwr.edu.pl\/#website","url":"https:\/\/biotech.uwr.edu.pl\/","name":"Wydzia\u0142 Biotechnologii","description":"Kolejna witryna sieci \u201eUWR Witryny\u201d","publisher":{"@id":"https:\/\/biotech.uwr.edu.pl\/#organization"},"potentialAction":[{"@type":"SearchAction","target":{"@type":"EntryPoint","urlTemplate":"https:\/\/biotech.uwr.edu.pl\/?s={search_term_string}"},"query-input":{"@type":"PropertyValueSpecification","valueRequired":true,"valueName":"search_term_string"}}],"inLanguage":"en-US"},{"@type":"Organization","@id":"https:\/\/biotech.uwr.edu.pl\/#organization","name":"Wydzia\u0142 Biotechnologii","url":"https:\/\/biotech.uwr.edu.pl\/","logo":{"@type":"ImageObject","inLanguage":"en-US","@id":"https:\/\/biotech.uwr.edu.pl\/#\/schema\/logo\/image\/","url":"https:\/\/biotech.uwr.edu.pl\/wp-content\/uploads\/sites\/261\/2025\/10\/UWr-logotyp-2025.png","contentUrl":"https:\/\/biotech.uwr.edu.pl\/wp-content\/uploads\/sites\/261\/2025\/10\/UWr-logotyp-2025.png","width":764,"height":269,"caption":"Wydzia\u0142 Biotechnologii"},"image":{"@id":"https:\/\/biotech.uwr.edu.pl\/#\/schema\/logo\/image\/"}}]}},"publishpress_future_action":{"enabled":false,"date":"2026-05-09 00:48:49","action":"change-status","newStatus":"draft","terms":[],"taxonomy":"category","extraData":[]},"publishpress_future_workflow_manual_trigger":{"enabledWorkflows":[]},"_links":{"self":[{"href":"https:\/\/biotech.uwr.edu.pl\/en\/wp-json\/wp\/v2\/pages\/36163\/"}],"collection":[{"href":"https:\/\/biotech.uwr.edu.pl\/en\/wp-json\/wp\/v2\/pages\/"}],"about":[{"href":"https:\/\/biotech.uwr.edu.pl\/en\/wp-json\/wp\/v2\/types\/page\/"}],"author":[{"embeddable":true,"href":"https:\/\/biotech.uwr.edu.pl\/en\/wp-json\/wp\/v2\/users\/20\/"}],"replies":[{"embeddable":true,"href":"https:\/\/biotech.uwr.edu.pl\/en\/wp-json\/wp\/v2\/comments\/?post=36163"}],"version-history":[{"count":4,"href":"https:\/\/biotech.uwr.edu.pl\/en\/wp-json\/wp\/v2\/pages\/36163\/revisions\/"}],"predecessor-version":[{"id":64791,"href":"https:\/\/biotech.uwr.edu.pl\/en\/wp-json\/wp\/v2\/pages\/36163\/revisions\/64791\/"}],"wp:attachment":[{"href":"https:\/\/biotech.uwr.edu.pl\/en\/wp-json\/wp\/v2\/media\/?parent=36163"}],"wp:term":[{"taxonomy":"category","embeddable":true,"href":"https:\/\/biotech.uwr.edu.pl\/en\/wp-json\/wp\/v2\/categories\/?post=36163"},{"taxonomy":"post_tag","embeddable":true,"href":"https:\/\/biotech.uwr.edu.pl\/en\/wp-json\/wp\/v2\/tags\/?post=36163"}],"curies":[{"name":"wp","href":"https:\/\/api.w.org\/{rel}","templated":true}]}}