{"id":31255,"date":"2022-06-11T13:50:01","date_gmt":"2022-06-11T11:50:01","guid":{"rendered":"https:\/\/biotech.uwr.edu.pl\/?page_id=31255"},"modified":"2025-10-31T09:20:38","modified_gmt":"2025-10-31T08:20:38","slug":"medical-centres","status":"publish","type":"page","link":"https:\/\/biotech.uwr.edu.pl\/en\/first-year-students-guide\/medical-centres\/","title":{"rendered":"Medical centres"},"content":{"rendered":"\n<div class=\"wp-block-ugb-container ugb-container blok_nowa_podstrona ugb-8dda971 ugb-container--v2 ugb-container--design-plain ugb-main-block\"><div class=\"ugb-inner-block\"><div class=\"ugb-block-content\"><div class=\"ugb-container__wrapper ugb-8dda971-wrapper\"><div class=\"ugb-container__side\"><div class=\"ugb-container__content-wrapper ugb-8dda971-content-wrapper\">\n<div class=\"wp-block-columns bs-news-page is-layout-flex wp-block-columns-is-layout-flex\">\n<div class=\"wp-block-column bs-kontakt-photo is-layout-flow wp-block-column-is-layout-flow\">\n<figure class=\"wp-block-image size-large\"><img decoding=\"async\" src=\"https:\/\/biotech.uwr.edu.pl\/wp-content\/uploads\/sites\/261\/2022\/11\/pexels-polina-tankilevitch-3873176-1024x683.jpg\" alt=\".\" class=\"wp-image-41161\"\/><\/figure>\n<\/div>\n\n\n\n<div class=\"wp-block-column bs-contact-right-column is-layout-flow wp-block-column-is-layout-flow\">\n<div class=\"wp-block-bonasoft-modular-breadcrumbs-block\"><div class=\"bs_add_breadcrumb_trail\"><\/div><\/div>\n\n\n\n<hr class=\"wp-block-separator has-text-color has-black-color has-css-opacity has-black-background-color has-background is-style-wide bs-border-kontakt\"\/>\n\n\n\n<h1 class=\"wp-block-heading bs-naglowek-podstrony\"><strong>Medical centres<\/strong><\/h1>\n\n\n\n<p><strong>Medical centres and psychological support<\/strong><\/p>\n\n\n\n<p>If you need a psychologist\u2019s counselling, you can arrange a free appointment.<br>Applications and registration for consultations via e-mail:\u00a0<strong>magdalenapiosek@gmail.com<\/strong><\/p>\n\n\n\n<p>List of medical centres in Wroc\u0142aw, where you can be examined for free (as a UWr student) in order to get the medical confirmation of no objections for studying experimental sciences (Biotechnology):<\/p>\n<\/div>\n<\/div>\n\n\n\n<div class=\"wp-block-ugb-container ugb-container bs-news-page-under ugb-f8694ce ugb-container--v2 ugb-container--design-plain ugb-main-block\"><div class=\"ugb-inner-block\"><div class=\"ugb-block-content\"><div class=\"ugb-container__wrapper ugb-f8694ce-wrapper\"><div class=\"ugb-container__side\"><div class=\"ugb-container__content-wrapper ugb-f8694ce-content-wrapper\">\n<figure class=\"wp-block-table\"><table><tbody><tr><td><strong>Medical center<\/strong><\/td><td><strong>adress<\/strong><\/td><\/tr><tr><td>Dolno\u015bl\u0105ski Wojew\u00f3dzki O\u015brodek Medycyny Pracy<\/td><td>ul. O\u0142awska 14<br>50-123 Wroc\u0142aw<\/td><\/tr><tr><td>Przychodnia Specjalistyczno-Rehabilitacyjna \u201ePulsantis\u201d Sp. z o.o.<\/td><td>ul. Ostrowskiego 3<br>53-238 Wroc\u0142aw<\/td><\/tr><\/tbody><\/table><\/figure>\n<\/div><\/div><\/div><\/div><\/div><\/div>\n<\/div><\/div><\/div><\/div><\/div><\/div>\n","protected":false},"excerpt":{"rendered":"<p>Medical centres Medical centres and psychological support If you need a psychologist\u2019s counselling, you can arrange a free appointment.Applications and registration for consultations via e-mail:\u00a0magdalenapiosek@gmail.com List of medical centres in Wroc\u0142aw, where you can be examined for free (as a UWr student) in order to get the medical confirmation of no objections for studying experimental [&hellip;]<\/p>\n","protected":false},"author":20,"featured_media":0,"parent":45984,"menu_order":0,"comment_status":"closed","ping_status":"closed","template":"","meta":{"_acf_changed":false,"inline_featured_image":false,"site-sidebar-layout":"default","site-content-layout":"","ast-site-content-layout":"default","site-content-style":"default","site-sidebar-style":"default","ast-global-header-display":"","ast-banner-title-visibility":"","ast-main-header-display":"","ast-hfb-above-header-display":"","ast-hfb-below-header-display":"","ast-hfb-mobile-header-display":"","site-post-title":"","ast-breadcrumbs-content":"","ast-featured-img":"","footer-sml-layout":"","ast-disable-related-posts":"","theme-transparent-header-meta":"","adv-header-id-meta":"","stick-header-meta":"","header-above-stick-meta":"","header-main-stick-meta":"","header-below-stick-meta":"","astra-migrate-meta-layouts":"set","ast-page-background-enabled":"default","ast-page-background-meta":{"desktop":{"background-color":"","background-image":"","background-repeat":"repeat","background-position":"center center","background-size":"auto","background-attachment":"scroll","background-type":"","background-media":"","overlay-type":"","overlay-color":"","overlay-opacity":"","overlay-gradient":""},"tablet":{"background-color":"","background-image":"","background-repeat":"repeat","background-position":"center center","background-size":"auto","background-attachment":"scroll","background-type":"","background-media":"","overlay-type":"","overlay-color":"","overlay-opacity":"","overlay-gradient":""},"mobile":{"background-color":"","background-image":"","background-repeat":"repeat","background-position":"center center","background-size":"auto","background-attachment":"scroll","background-type":"","background-media":"","overlay-type":"","overlay-color":"","overlay-opacity":"","overlay-gradient":""}},"ast-content-background-meta":{"desktop":{"background-color":"var(--ast-global-color-5)","background-image":"","background-repeat":"repeat","background-position":"center center","background-size":"auto","background-attachment":"scroll","background-type":"","background-media":"","overlay-type":"","overlay-color":"","overlay-opacity":"","overlay-gradient":""},"tablet":{"background-color":"var(--ast-global-color-5)","background-image":"","background-repeat":"repeat","background-position":"center center","background-size":"auto","background-attachment":"scroll","background-type":"","background-media":"","overlay-type":"","overlay-color":"","overlay-opacity":"","overlay-gradient":""},"mobile":{"background-color":"var(--ast-global-color-5)","background-image":"","background-repeat":"repeat","background-position":"center center","background-size":"auto","background-attachment":"scroll","background-type":"","background-media":"","overlay-type":"","overlay-color":"","overlay-opacity":"","overlay-gradient":""}},"footnotes":""},"categories":[],"tags":[],"class_list":["post-31255","page","type-page","status-publish","hentry"],"featured_image_urls_v2":{"full":"","thumbnail":"","medium":"","medium_large":"","large":"","1536x1536":"","2048x2048":"","menu-24x24":"","menu-36x36":"","menu-48x48":""},"post_excerpt_stackable_v2":"<p>Medical centres Medical centres and psychological support If you need a psychologist\u2019s counselling, you can arrange a free appointment.Applications and registration for consultations via e-mail:\u00a0magdalenapiosek@gmail.com List of medical centres in Wroc\u0142aw, where you can be examined for free (as a UWr student) in order to get the medical confirmation of no objections for studying experimental sciences (Biotechnology): Medical centeradressDolno\u015bl\u0105ski Wojew\u00f3dzki O\u015brodek Medycyny Pracyul. O\u0142awska 1450-123 Wroc\u0142awPrzychodnia Specjalistyczno-Rehabilitacyjna \u201ePulsantis\u201d Sp. z o.o.ul. Ostrowskiego 353-238 Wroc\u0142aw<\/p>\n","category_list_v2":"Uncategorized","author_info_v2":{"name":"mmatlinski","url":"https:\/\/biotech.uwr.edu.pl\/en\/author\/mmatlinski\/"},"comments_num_v2":"0 comments","acf":[],"yoast_head":"<!-- This site is optimized with the Yoast SEO plugin v27.1.1 - https:\/\/yoast.com\/product\/yoast-seo-wordpress\/ -->\n<title>Medical centres - Wydzia\u0142 Biotechnologii<\/title>\n<meta name=\"description\" content=\"Wydzia\u0142 Biotechnologii\" \/>\n<meta name=\"robots\" content=\"index, follow, max-snippet:-1, max-image-preview:large, max-video-preview:-1\" \/>\n<link rel=\"canonical\" href=\"https:\/\/biotech.uwr.edu.pl\/en\/first-year-students-guide\/medical-centres\/\" \/>\n<meta property=\"og:locale\" content=\"en_US\" \/>\n<meta property=\"og:type\" content=\"article\" \/>\n<meta property=\"og:title\" content=\"Medical centres - Wydzia\u0142 Biotechnologii\" \/>\n<meta property=\"og:description\" content=\"Wydzia\u0142 Biotechnologii\" \/>\n<meta property=\"og:url\" content=\"https:\/\/biotech.uwr.edu.pl\/en\/first-year-students-guide\/medical-centres\/\" \/>\n<meta property=\"og:site_name\" content=\"Wydzia\u0142 Biotechnologii\" \/>\n<meta property=\"article:modified_time\" content=\"2025-10-31T08:20:38+00:00\" \/>\n<meta name=\"twitter:card\" content=\"summary_large_image\" \/>\n<meta name=\"twitter:label1\" content=\"Est. reading time\" \/>\n\t<meta name=\"twitter:data1\" content=\"1 minute\" \/>\n<script type=\"application\/ld+json\" class=\"yoast-schema-graph\">{\"@context\":\"https:\/\/schema.org\",\"@graph\":[{\"@type\":\"WebPage\",\"@id\":\"https:\/\/biotech.uwr.edu.pl\/en\/first-year-students-guide\/medical-centres\/\",\"url\":\"https:\/\/biotech.uwr.edu.pl\/en\/first-year-students-guide\/medical-centres\/\",\"name\":\"Medical centres - Wydzia\u0142 Biotechnologii\",\"isPartOf\":{\"@id\":\"https:\/\/biotech.uwr.edu.pl\/#website\"},\"primaryImageOfPage\":{\"@id\":\"https:\/\/biotech.uwr.edu.pl\/en\/first-year-students-guide\/medical-centres\/#primaryimage\"},\"image\":{\"@id\":\"https:\/\/biotech.uwr.edu.pl\/en\/first-year-students-guide\/medical-centres\/#primaryimage\"},\"thumbnailUrl\":\"https:\/\/biotech.uwr.edu.pl\/wp-content\/uploads\/sites\/261\/2022\/11\/pexels-polina-tankilevitch-3873176-1024x683.jpg\",\"datePublished\":\"2022-06-11T11:50:01+00:00\",\"dateModified\":\"2025-10-31T08:20:38+00:00\",\"description\":\"Wydzia\u0142 Biotechnologii\",\"breadcrumb\":{\"@id\":\"https:\/\/biotech.uwr.edu.pl\/en\/first-year-students-guide\/medical-centres\/#breadcrumb\"},\"inLanguage\":\"en-US\",\"potentialAction\":[{\"@type\":\"ReadAction\",\"target\":[\"https:\/\/biotech.uwr.edu.pl\/en\/first-year-students-guide\/medical-centres\/\"]}]},{\"@type\":\"ImageObject\",\"inLanguage\":\"en-US\",\"@id\":\"https:\/\/biotech.uwr.edu.pl\/en\/first-year-students-guide\/medical-centres\/#primaryimage\",\"url\":\"https:\/\/biotech.uwr.edu.pl\/wp-content\/uploads\/sites\/261\/2022\/11\/pexels-polina-tankilevitch-3873176-1024x683.jpg\",\"contentUrl\":\"https:\/\/biotech.uwr.edu.pl\/wp-content\/uploads\/sites\/261\/2022\/11\/pexels-polina-tankilevitch-3873176-1024x683.jpg\"},{\"@type\":\"BreadcrumbList\",\"@id\":\"https:\/\/biotech.uwr.edu.pl\/en\/first-year-students-guide\/medical-centres\/#breadcrumb\",\"itemListElement\":[{\"@type\":\"ListItem\",\"position\":1,\"name\":\"Strona g\u0142\u00f3wna\",\"item\":\"https:\/\/biotech.uwr.edu.pl\/en\/\"},{\"@type\":\"ListItem\",\"position\":2,\"name\":\"1st-year Student&#8217;s Guide\",\"item\":\"https:\/\/biotech.uwr.edu.pl\/en\/first-year-students-guide\/\"},{\"@type\":\"ListItem\",\"position\":3,\"name\":\"Medical centres\"}]},{\"@type\":\"WebSite\",\"@id\":\"https:\/\/biotech.uwr.edu.pl\/#website\",\"url\":\"https:\/\/biotech.uwr.edu.pl\/\",\"name\":\"Wydzia\u0142 Biotechnologii\",\"description\":\"Kolejna witryna sieci \u201eUWR Witryny\u201d\",\"publisher\":{\"@id\":\"https:\/\/biotech.uwr.edu.pl\/#organization\"},\"potentialAction\":[{\"@type\":\"SearchAction\",\"target\":{\"@type\":\"EntryPoint\",\"urlTemplate\":\"https:\/\/biotech.uwr.edu.pl\/?s={search_term_string}\"},\"query-input\":{\"@type\":\"PropertyValueSpecification\",\"valueRequired\":true,\"valueName\":\"search_term_string\"}}],\"inLanguage\":\"en-US\"},{\"@type\":\"Organization\",\"@id\":\"https:\/\/biotech.uwr.edu.pl\/#organization\",\"name\":\"Wydzia\u0142 Biotechnologii\",\"url\":\"https:\/\/biotech.uwr.edu.pl\/\",\"logo\":{\"@type\":\"ImageObject\",\"inLanguage\":\"en-US\",\"@id\":\"https:\/\/biotech.uwr.edu.pl\/#\/schema\/logo\/image\/\",\"url\":\"https:\/\/biotech.uwr.edu.pl\/wp-content\/uploads\/sites\/261\/2025\/10\/UWr-logotyp-2025.png\",\"contentUrl\":\"https:\/\/biotech.uwr.edu.pl\/wp-content\/uploads\/sites\/261\/2025\/10\/UWr-logotyp-2025.png\",\"width\":764,\"height\":269,\"caption\":\"Wydzia\u0142 Biotechnologii\"},\"image\":{\"@id\":\"https:\/\/biotech.uwr.edu.pl\/#\/schema\/logo\/image\/\"}}]}<\/script>\n<!-- \/ Yoast SEO plugin. -->","yoast_head_json":{"title":"Medical centres - Wydzia\u0142 Biotechnologii","description":"Wydzia\u0142 Biotechnologii","robots":{"index":"index","follow":"follow","max-snippet":"max-snippet:-1","max-image-preview":"max-image-preview:large","max-video-preview":"max-video-preview:-1"},"canonical":"https:\/\/biotech.uwr.edu.pl\/en\/first-year-students-guide\/medical-centres\/","og_locale":"en_US","og_type":"article","og_title":"Medical centres - Wydzia\u0142 Biotechnologii","og_description":"Wydzia\u0142 Biotechnologii","og_url":"https:\/\/biotech.uwr.edu.pl\/en\/first-year-students-guide\/medical-centres\/","og_site_name":"Wydzia\u0142 Biotechnologii","article_modified_time":"2025-10-31T08:20:38+00:00","twitter_card":"summary_large_image","twitter_misc":{"Est. reading time":"1 minute"},"schema":{"@context":"https:\/\/schema.org","@graph":[{"@type":"WebPage","@id":"https:\/\/biotech.uwr.edu.pl\/en\/first-year-students-guide\/medical-centres\/","url":"https:\/\/biotech.uwr.edu.pl\/en\/first-year-students-guide\/medical-centres\/","name":"Medical centres - Wydzia\u0142 Biotechnologii","isPartOf":{"@id":"https:\/\/biotech.uwr.edu.pl\/#website"},"primaryImageOfPage":{"@id":"https:\/\/biotech.uwr.edu.pl\/en\/first-year-students-guide\/medical-centres\/#primaryimage"},"image":{"@id":"https:\/\/biotech.uwr.edu.pl\/en\/first-year-students-guide\/medical-centres\/#primaryimage"},"thumbnailUrl":"https:\/\/biotech.uwr.edu.pl\/wp-content\/uploads\/sites\/261\/2022\/11\/pexels-polina-tankilevitch-3873176-1024x683.jpg","datePublished":"2022-06-11T11:50:01+00:00","dateModified":"2025-10-31T08:20:38+00:00","description":"Wydzia\u0142 Biotechnologii","breadcrumb":{"@id":"https:\/\/biotech.uwr.edu.pl\/en\/first-year-students-guide\/medical-centres\/#breadcrumb"},"inLanguage":"en-US","potentialAction":[{"@type":"ReadAction","target":["https:\/\/biotech.uwr.edu.pl\/en\/first-year-students-guide\/medical-centres\/"]}]},{"@type":"ImageObject","inLanguage":"en-US","@id":"https:\/\/biotech.uwr.edu.pl\/en\/first-year-students-guide\/medical-centres\/#primaryimage","url":"https:\/\/biotech.uwr.edu.pl\/wp-content\/uploads\/sites\/261\/2022\/11\/pexels-polina-tankilevitch-3873176-1024x683.jpg","contentUrl":"https:\/\/biotech.uwr.edu.pl\/wp-content\/uploads\/sites\/261\/2022\/11\/pexels-polina-tankilevitch-3873176-1024x683.jpg"},{"@type":"BreadcrumbList","@id":"https:\/\/biotech.uwr.edu.pl\/en\/first-year-students-guide\/medical-centres\/#breadcrumb","itemListElement":[{"@type":"ListItem","position":1,"name":"Strona g\u0142\u00f3wna","item":"https:\/\/biotech.uwr.edu.pl\/en\/"},{"@type":"ListItem","position":2,"name":"1st-year Student&#8217;s Guide","item":"https:\/\/biotech.uwr.edu.pl\/en\/first-year-students-guide\/"},{"@type":"ListItem","position":3,"name":"Medical centres"}]},{"@type":"WebSite","@id":"https:\/\/biotech.uwr.edu.pl\/#website","url":"https:\/\/biotech.uwr.edu.pl\/","name":"Wydzia\u0142 Biotechnologii","description":"Kolejna witryna sieci \u201eUWR Witryny\u201d","publisher":{"@id":"https:\/\/biotech.uwr.edu.pl\/#organization"},"potentialAction":[{"@type":"SearchAction","target":{"@type":"EntryPoint","urlTemplate":"https:\/\/biotech.uwr.edu.pl\/?s={search_term_string}"},"query-input":{"@type":"PropertyValueSpecification","valueRequired":true,"valueName":"search_term_string"}}],"inLanguage":"en-US"},{"@type":"Organization","@id":"https:\/\/biotech.uwr.edu.pl\/#organization","name":"Wydzia\u0142 Biotechnologii","url":"https:\/\/biotech.uwr.edu.pl\/","logo":{"@type":"ImageObject","inLanguage":"en-US","@id":"https:\/\/biotech.uwr.edu.pl\/#\/schema\/logo\/image\/","url":"https:\/\/biotech.uwr.edu.pl\/wp-content\/uploads\/sites\/261\/2025\/10\/UWr-logotyp-2025.png","contentUrl":"https:\/\/biotech.uwr.edu.pl\/wp-content\/uploads\/sites\/261\/2025\/10\/UWr-logotyp-2025.png","width":764,"height":269,"caption":"Wydzia\u0142 Biotechnologii"},"image":{"@id":"https:\/\/biotech.uwr.edu.pl\/#\/schema\/logo\/image\/"}}]}},"publishpress_future_action":{"enabled":false,"date":"2026-05-09 07:39:47","action":"change-status","newStatus":"draft","terms":[],"taxonomy":"category","extraData":[]},"publishpress_future_workflow_manual_trigger":{"enabledWorkflows":[]},"_links":{"self":[{"href":"https:\/\/biotech.uwr.edu.pl\/en\/wp-json\/wp\/v2\/pages\/31255\/"}],"collection":[{"href":"https:\/\/biotech.uwr.edu.pl\/en\/wp-json\/wp\/v2\/pages\/"}],"about":[{"href":"https:\/\/biotech.uwr.edu.pl\/en\/wp-json\/wp\/v2\/types\/page\/"}],"author":[{"embeddable":true,"href":"https:\/\/biotech.uwr.edu.pl\/en\/wp-json\/wp\/v2\/users\/20\/"}],"replies":[{"embeddable":true,"href":"https:\/\/biotech.uwr.edu.pl\/en\/wp-json\/wp\/v2\/comments\/?post=31255"}],"version-history":[{"count":2,"href":"https:\/\/biotech.uwr.edu.pl\/en\/wp-json\/wp\/v2\/pages\/31255\/revisions\/"}],"predecessor-version":[{"id":63579,"href":"https:\/\/biotech.uwr.edu.pl\/en\/wp-json\/wp\/v2\/pages\/31255\/revisions\/63579\/"}],"up":[{"embeddable":true,"href":"https:\/\/biotech.uwr.edu.pl\/en\/wp-json\/wp\/v2\/pages\/45984\/"}],"wp:attachment":[{"href":"https:\/\/biotech.uwr.edu.pl\/en\/wp-json\/wp\/v2\/media\/?parent=31255"}],"wp:term":[{"taxonomy":"category","embeddable":true,"href":"https:\/\/biotech.uwr.edu.pl\/en\/wp-json\/wp\/v2\/categories\/?post=31255"},{"taxonomy":"post_tag","embeddable":true,"href":"https:\/\/biotech.uwr.edu.pl\/en\/wp-json\/wp\/v2\/tags\/?post=31255"}],"curies":[{"name":"wp","href":"https:\/\/api.w.org\/{rel}","templated":true}]}}