{"id":24598,"date":"2022-05-20T16:19:55","date_gmt":"2022-05-20T14:19:55","guid":{"rendered":"https:\/\/biotech.uwr.edu.pl\/faculty-council\/"},"modified":"2025-11-26T12:16:04","modified_gmt":"2025-11-26T11:16:04","slug":"faculty-council","status":"publish","type":"page","link":"https:\/\/biotech.uwr.edu.pl\/en\/faculty-council\/","title":{"rendered":"Faculty Council"},"content":{"rendered":"\n<div class=\"alignfull wp-block-ugb-container ugb-container podstrona-z-kolumnami ugb-12c4a27 ugb-container--v2 ugb-container--design-plain ugb-main-block\"><style>@media screen and (min-width:768px){.ugb-12c4a27.ugb-container{margin-bottom:0px !important;padding-right:0px !important;padding-bottom:50px !important;padding-left:0px !important}}@media screen and (min-width:768px){.ugb-12c4a27 > .ugb-inner-block > .ugb-block-content > *{padding-top:0px !important;padding-bottom:0px !important;padding-right:0px !important;padding-left:0px !important}}<\/style><div class=\"ugb-inner-block\"><div class=\"ugb-block-content\"><div class=\"ugb-container__wrapper ugb-12c4a27-wrapper\"><div class=\"ugb-container__side\"><div class=\"ugb-container__content-wrapper ugb-12c4a27-content-wrapper\">\n<div class=\"wp-block-media-text alignwide is-stacked-on-mobile is-vertically-aligned-top is-image-fill-element bs-naglowek-szablonu-kolumny\"><figure class=\"wp-block-media-text__media\"><img decoding=\"async\" src=\"https:\/\/biotech.uwr.edu.pl\/wp-content\/uploads\/sites\/261\/2022\/09\/biotechnologia-fot.-Magdalena-Marcula-Biuro-ds.-Promocji-UWr-8-1024x683.jpg\" alt=\".\" class=\"wp-image-39112 size-full\" style=\"object-position:50% 50%\"\/><\/figure><div class=\"wp-block-media-text__content\">\n<div class=\"wp-block-bonasoft-modular-breadcrumbs-block\"><div class=\"bs_add_breadcrumb_trail\"><\/div><\/div>\n\n\n\n<hr class=\"wp-block-separator has-text-color has-black-color has-css-opacity has-black-background-color has-background is-style-wide bs-border-kontakt\"\/>\n\n\n\n<h1 class=\"wp-block-heading bs-naglowek-podstrony\"><strong>Faculty Council<\/strong><\/h1>\n\n\n\n<div style=\"height:50px\" aria-hidden=\"true\" class=\"wp-block-spacer\"><\/div>\n\n\n\n<p><\/p>\n<\/div><\/div>\n\n\n\n<div class=\"wp-block-ugb-container ugb-container blok-z-kolumnami ugb-002ab8b ugb-container--v2 ugb-container--design-plain ugb-main-block\"><style>@media screen and (min-width:768px){.ugb-002ab8b.ugb-container{margin-bottom:0% !important;margin-right:6% !important;margin-left:6% !important}}@media screen and (min-width:768px){.ugb-002ab8b > .ugb-inner-block > .ugb-block-content > *{padding-top:0px !important;padding-bottom:0px !important;padding-right:0px !important;padding-left:0px !important}}<\/style><div class=\"ugb-inner-block\"><div class=\"ugb-block-content\"><div class=\"ugb-container__wrapper ugb-002ab8b-wrapper\"><div class=\"ugb-container__side\"><div class=\"ugb-container__content-wrapper ugb-002ab8b-content-wrapper\">\n<div class=\"wp-block-ugb-container ugb-container ugb-919cf9a ugb-container--v2 ugb-container--design-plain ugb-main-block\"><style>@media screen and (min-width:768px){.ugb-919cf9a.ugb-container{margin-bottom:0% !important;margin-right:6% !important;margin-left:6% !important}}@media screen and (min-width:768px){.ugb-919cf9a > .ugb-inner-block > .ugb-block-content > *{padding-top:0px !important;padding-bottom:0px !important;padding-right:0px !important;padding-left:0px !important}}<\/style><div class=\"ugb-inner-block\"><div class=\"ugb-block-content\"><div class=\"ugb-container__wrapper ugb-919cf9a-wrapper\"><div class=\"ugb-container__side\"><div class=\"ugb-container__content-wrapper ugb-919cf9a-content-wrapper\">\n<h2 class=\"wp-block-heading naglowek-podstrona-z-kolumnami\"><strong>Professors and PhDs with Habilitation<\/strong><\/h2>\n\n\n\n<div class=\"wp-block-columns is-layout-flex wp-block-columns-is-layout-flex\">\n<div class=\"wp-block-column is-layout-flow wp-block-column-is-layout-flow\">\n<div class=\"wp-block-columns is-layout-flex wp-block-columns-is-layout-flex\">\n<div class=\"wp-block-column is-layout-flow wp-block-column-is-layout-flow\">\n<ol class=\"wp-block-list\">\n<li>prof. dr hab. Rafa\u0142 Bartoszewski<\/li>\n\n\n\n<li>dr hab. Pawe\u0142 B\u0142a\u017cej <\/li>\n\n\n\n<li>prof. dr hab. Aleksander Czogalla<\/li>\n\n\n\n<li>dr hab. Dorota Dziadkowiec <\/li>\n\n\n\n<li>dr hab. Joanna Grzyb, prof. UWr<\/li>\n\n\n\n<li>dr hab. Jerzy Gubernator, prof. UWr<\/li>\n\n\n\n<li>dr hab. Ma\u0142gorzata Heidorn-Czarna<\/li>\n\n\n\n<li>prof. dr hab. Dagmara Jakimowicz <\/li>\n\n\n\n<li>dr hab. Anna Krasowska, prof. UWr<\/li>\n<\/ol>\n<\/div>\n\n\n\n<div class=\"wp-block-column is-layout-flow wp-block-column-is-layout-flow\">\n<ol start=\"10\" class=\"wp-block-list\">\n<li>prof. dr hab. Artur Kr\u0119\u017cel <\/li>\n\n\n\n<li>dr hab. Daniel Krowarsch <\/li>\n\n\n\n<li>dr hab. Anna Kulma, prof. UWr <\/li>\n\n\n\n<li>prof. dr hab. in\u017c. Marcin \u0141ukaszewicz<\/li>\n\n\n\n<li>dr hab. Dorota Mackiewicz <\/li>\n\n\n\n<li>prof. dr hab. Pawe\u0142 Mackiewicz <\/li>\n\n\n\n<li>prof. dr hab. Ewa Marcinkowska <\/li>\n\n\n\n<li>dr hab. Antonina Mazur, prof. UWr<\/li>\n\n\n\n<li>prof. dr hab. Dorota Nowak<\/li>\n<\/ol>\n<\/div>\n\n\n\n<div class=\"wp-block-column is-layout-flow wp-block-column-is-layout-flow\">\n<ol start=\"18\" class=\"wp-block-list\">\n<li>prof. dr hab. Mariusz Olczak <\/li>\n\n\n\n<li>prof. dr hab. Teresa Olczak <\/li>\n\n\n\n<li>prof. dr hab. \u0141ukasz Opali\u0144ski <\/li>\n\n\n\n<li>prof. dr hab. Jacek Otlewski<\/li>\n\n\n\n<li>prof. dr hab. Ryszard Rzepecki<\/li>\n\n\n\n<li>dr hab. Marcin Szafran <\/li>\n\n\n\n<li>dr hab. Magdalena Wo\u0142oszy\u0144ska, prof. UWr<\/li>\n\n\n\n<li>prof. dr hab. Jolanta Zakrzewska-Czerwi\u0144ska <\/li>\n\n\n\n<li>dr hab. Ma\u0142gorzata Zakrzewska, prof. UWr<\/li>\n\n\n\n<li>dr hab. Magdalena \u017buk, prof. UWr<\/li>\n<\/ol>\n<\/div>\n<\/div>\n<\/div>\n<\/div>\n\n\n\n<h2 class=\"wp-block-heading naglowek-podstrona-z-kolumnami\"><strong>PhD Representatives<\/strong><\/h2>\n\n\n\n<div class=\"wp-block-columns is-layout-flex wp-block-columns-is-layout-flex\">\n<div class=\"wp-block-column is-layout-flow wp-block-column-is-layout-flow\">\n<ol class=\"wp-block-list\">\n<li>dr Justyna Ciuraszkiewicz<\/li>\n\n\n\n<li>dr Lucyna Matusewicz<\/li>\n\n\n\n<li>dr Katarzyna Piekarowicz<\/li>\n\n\n\n<li>dr Adam Pomorski<\/li>\n\n\n\n<li>dr Marcin Wola\u0144ski<\/li>\n\n\n\n<li>dr Magdalena Zaremba-Czogalla<\/li>\n<\/ol>\n<\/div>\n<\/div>\n\n\n\n<h2 class=\"wp-block-heading naglowek-podstrona-z-kolumnami\"><strong>Representatives of Technicians<\/strong><\/h2>\n\n\n\n<div class=\"wp-block-columns is-layout-flex wp-block-columns-is-layout-flex\">\n<div class=\"wp-block-column is-layout-flow wp-block-column-is-layout-flow\">\n<ol class=\"wp-block-list\">\n<li>mgr Katarzyna Bednarz<\/li>\n\n\n\n<li>dr Dagmara Jakubowska<\/li>\n\n\n\n<li>mgr Renata Micha\u0142owska<\/li>\n<\/ol>\n<\/div>\n<\/div>\n\n\n\n<h2 class=\"wp-block-heading naglowek-podstrona-z-kolumnami\"><strong>Representatives of Students<\/strong><\/h2>\n\n\n\n<div class=\"wp-block-columns is-layout-flex wp-block-columns-is-layout-flex\">\n<div class=\"wp-block-column is-layout-flow wp-block-column-is-layout-flow\">\n<ol class=\"wp-block-list\">\n<li>Daria B\u0142ahut<\/li>\n\n\n\n<li>Martyna Kordiak<\/li>\n\n\n\n<li>Alicja Koz\u0142owska<\/li>\n\n\n\n<li>Dominika Lichy<\/li>\n\n\n\n<li>Bart\u0142omiej Miller<\/li>\n\n\n\n<li>Roch Morawski<\/li>\n\n\n\n<li>Pawe\u0142 Nogaj<\/li>\n\n\n\n<li>Kajetan Paszek<\/li>\n\n\n\n<li>Aleksandra Wachowska<\/li>\n<\/ol>\n<\/div>\n<\/div>\n<\/div><\/div><\/div><\/div><\/div><\/div>\n<\/div><\/div><\/div><\/div><\/div><\/div>\n\n\n\n<p><\/p>\n<\/div><\/div><\/div><\/div><\/div><\/div>\n","protected":false},"excerpt":{"rendered":"<p>Faculty Council Professors and PhDs with Habilitation PhD Representatives Representatives of Technicians Representatives of Students<\/p>\n","protected":false},"author":20,"featured_media":0,"parent":0,"menu_order":0,"comment_status":"closed","ping_status":"closed","template":"","meta":{"_acf_changed":false,"inline_featured_image":false,"site-sidebar-layout":"default","site-content-layout":"","ast-site-content-layout":"default","site-content-style":"default","site-sidebar-style":"default","ast-global-header-display":"","ast-banner-title-visibility":"","ast-main-header-display":"","ast-hfb-above-header-display":"","ast-hfb-below-header-display":"","ast-hfb-mobile-header-display":"","site-post-title":"","ast-breadcrumbs-content":"","ast-featured-img":"","footer-sml-layout":"","ast-disable-related-posts":"","theme-transparent-header-meta":"","adv-header-id-meta":"","stick-header-meta":"","header-above-stick-meta":"","header-main-stick-meta":"","header-below-stick-meta":"","astra-migrate-meta-layouts":"set","ast-page-background-enabled":"default","ast-page-background-meta":{"desktop":{"background-color":"","background-image":"","background-repeat":"repeat","background-position":"center center","background-size":"auto","background-attachment":"scroll","background-type":"","background-media":"","overlay-type":"","overlay-color":"","overlay-opacity":"","overlay-gradient":""},"tablet":{"background-color":"","background-image":"","background-repeat":"repeat","background-position":"center center","background-size":"auto","background-attachment":"scroll","background-type":"","background-media":"","overlay-type":"","overlay-color":"","overlay-opacity":"","overlay-gradient":""},"mobile":{"background-color":"","background-image":"","background-repeat":"repeat","background-position":"center center","background-size":"auto","background-attachment":"scroll","background-type":"","background-media":"","overlay-type":"","overlay-color":"","overlay-opacity":"","overlay-gradient":""}},"ast-content-background-meta":{"desktop":{"background-color":"var(--ast-global-color-5)","background-image":"","background-repeat":"repeat","background-position":"center center","background-size":"auto","background-attachment":"scroll","background-type":"","background-media":"","overlay-type":"","overlay-color":"","overlay-opacity":"","overlay-gradient":""},"tablet":{"background-color":"var(--ast-global-color-5)","background-image":"","background-repeat":"repeat","background-position":"center center","background-size":"auto","background-attachment":"scroll","background-type":"","background-media":"","overlay-type":"","overlay-color":"","overlay-opacity":"","overlay-gradient":""},"mobile":{"background-color":"var(--ast-global-color-5)","background-image":"","background-repeat":"repeat","background-position":"center center","background-size":"auto","background-attachment":"scroll","background-type":"","background-media":"","overlay-type":"","overlay-color":"","overlay-opacity":"","overlay-gradient":""}},"footnotes":""},"categories":[],"tags":[],"class_list":["post-24598","page","type-page","status-publish","hentry"],"featured_image_urls_v2":{"full":"","thumbnail":"","medium":"","medium_large":"","large":"","1536x1536":"","2048x2048":"","menu-24x24":"","menu-36x36":"","menu-48x48":""},"post_excerpt_stackable_v2":"<p>Faculty Council Professors and PhDs with Habilitation prof. dr hab. Rafa\u0142 Bartoszewski dr hab. Pawe\u0142 B\u0142a\u017cej prof. dr hab. Aleksander Czogalla dr hab. Dorota Dziadkowiec dr hab. Joanna Grzyb, prof. UWr dr hab. Jerzy Gubernator, prof. UWr dr hab. Ma\u0142gorzata Heidorn-Czarna prof. dr hab. Dagmara Jakimowicz dr hab. Anna Krasowska, prof. UWr prof. dr hab. Artur Kr\u0119\u017cel dr hab. Daniel Krowarsch dr hab. Anna Kulma, prof. UWr prof. dr hab. in\u017c. Marcin \u0141ukaszewicz dr hab. Dorota Mackiewicz prof. dr hab. Pawe\u0142 Mackiewicz prof. dr hab. Ewa Marcinkowska dr hab. Antonina Mazur, prof. UWr prof. dr hab. Dorota Nowak prof. dr&hellip;<\/p>\n","category_list_v2":"Uncategorized","author_info_v2":{"name":"mmatlinski","url":"https:\/\/biotech.uwr.edu.pl\/en\/author\/mmatlinski\/"},"comments_num_v2":"0 comments","acf":[],"yoast_head":"<!-- This site is optimized with the Yoast SEO plugin v27.1.1 - https:\/\/yoast.com\/product\/yoast-seo-wordpress\/ -->\n<title>Faculty Council - Wydzia\u0142 Biotechnologii<\/title>\n<meta name=\"description\" content=\"Wydzia\u0142 Biotechnologii\" \/>\n<meta name=\"robots\" content=\"index, follow, max-snippet:-1, max-image-preview:large, max-video-preview:-1\" \/>\n<link rel=\"canonical\" href=\"https:\/\/biotech.uwr.edu.pl\/en\/faculty-council\/\" \/>\n<meta property=\"og:locale\" content=\"en_US\" \/>\n<meta property=\"og:type\" content=\"article\" \/>\n<meta property=\"og:title\" content=\"Faculty Council - Wydzia\u0142 Biotechnologii\" \/>\n<meta property=\"og:description\" content=\"Wydzia\u0142 Biotechnologii\" \/>\n<meta property=\"og:url\" content=\"https:\/\/biotech.uwr.edu.pl\/en\/faculty-council\/\" \/>\n<meta property=\"og:site_name\" content=\"Wydzia\u0142 Biotechnologii\" \/>\n<meta property=\"article:modified_time\" content=\"2025-11-26T11:16:04+00:00\" \/>\n<meta name=\"twitter:card\" content=\"summary_large_image\" \/>\n<meta name=\"twitter:label1\" content=\"Est. reading time\" \/>\n\t<meta name=\"twitter:data1\" content=\"2 minutes\" \/>\n<script type=\"application\/ld+json\" class=\"yoast-schema-graph\">{\"@context\":\"https:\/\/schema.org\",\"@graph\":[{\"@type\":\"WebPage\",\"@id\":\"https:\/\/biotech.uwr.edu.pl\/en\/faculty-council\/\",\"url\":\"https:\/\/biotech.uwr.edu.pl\/en\/faculty-council\/\",\"name\":\"Faculty Council - Wydzia\u0142 Biotechnologii\",\"isPartOf\":{\"@id\":\"https:\/\/biotech.uwr.edu.pl\/#website\"},\"primaryImageOfPage\":{\"@id\":\"https:\/\/biotech.uwr.edu.pl\/en\/faculty-council\/#primaryimage\"},\"image\":{\"@id\":\"https:\/\/biotech.uwr.edu.pl\/en\/faculty-council\/#primaryimage\"},\"thumbnailUrl\":\"https:\/\/biotech.uwr.edu.pl\/wp-content\/uploads\/sites\/261\/2022\/09\/biotechnologia-fot.-Magdalena-Marcula-Biuro-ds.-Promocji-UWr-8-1024x683.jpg\",\"datePublished\":\"2022-05-20T14:19:55+00:00\",\"dateModified\":\"2025-11-26T11:16:04+00:00\",\"description\":\"Wydzia\u0142 Biotechnologii\",\"breadcrumb\":{\"@id\":\"https:\/\/biotech.uwr.edu.pl\/en\/faculty-council\/#breadcrumb\"},\"inLanguage\":\"en-US\",\"potentialAction\":[{\"@type\":\"ReadAction\",\"target\":[\"https:\/\/biotech.uwr.edu.pl\/en\/faculty-council\/\"]}]},{\"@type\":\"ImageObject\",\"inLanguage\":\"en-US\",\"@id\":\"https:\/\/biotech.uwr.edu.pl\/en\/faculty-council\/#primaryimage\",\"url\":\"https:\/\/biotech.uwr.edu.pl\/wp-content\/uploads\/sites\/261\/2022\/09\/biotechnologia-fot.-Magdalena-Marcula-Biuro-ds.-Promocji-UWr-8-1024x683.jpg\",\"contentUrl\":\"https:\/\/biotech.uwr.edu.pl\/wp-content\/uploads\/sites\/261\/2022\/09\/biotechnologia-fot.-Magdalena-Marcula-Biuro-ds.-Promocji-UWr-8-1024x683.jpg\"},{\"@type\":\"BreadcrumbList\",\"@id\":\"https:\/\/biotech.uwr.edu.pl\/en\/faculty-council\/#breadcrumb\",\"itemListElement\":[{\"@type\":\"ListItem\",\"position\":1,\"name\":\"Strona g\u0142\u00f3wna\",\"item\":\"https:\/\/biotech.uwr.edu.pl\/en\/\"},{\"@type\":\"ListItem\",\"position\":2,\"name\":\"Faculty Council\"}]},{\"@type\":\"WebSite\",\"@id\":\"https:\/\/biotech.uwr.edu.pl\/#website\",\"url\":\"https:\/\/biotech.uwr.edu.pl\/\",\"name\":\"Wydzia\u0142 Biotechnologii\",\"description\":\"Kolejna witryna sieci \u201eUWR Witryny\u201d\",\"publisher\":{\"@id\":\"https:\/\/biotech.uwr.edu.pl\/#organization\"},\"potentialAction\":[{\"@type\":\"SearchAction\",\"target\":{\"@type\":\"EntryPoint\",\"urlTemplate\":\"https:\/\/biotech.uwr.edu.pl\/?s={search_term_string}\"},\"query-input\":{\"@type\":\"PropertyValueSpecification\",\"valueRequired\":true,\"valueName\":\"search_term_string\"}}],\"inLanguage\":\"en-US\"},{\"@type\":\"Organization\",\"@id\":\"https:\/\/biotech.uwr.edu.pl\/#organization\",\"name\":\"Wydzia\u0142 Biotechnologii\",\"url\":\"https:\/\/biotech.uwr.edu.pl\/\",\"logo\":{\"@type\":\"ImageObject\",\"inLanguage\":\"en-US\",\"@id\":\"https:\/\/biotech.uwr.edu.pl\/#\/schema\/logo\/image\/\",\"url\":\"https:\/\/biotech.uwr.edu.pl\/wp-content\/uploads\/sites\/261\/2025\/10\/UWr-logotyp-2025.png\",\"contentUrl\":\"https:\/\/biotech.uwr.edu.pl\/wp-content\/uploads\/sites\/261\/2025\/10\/UWr-logotyp-2025.png\",\"width\":764,\"height\":269,\"caption\":\"Wydzia\u0142 Biotechnologii\"},\"image\":{\"@id\":\"https:\/\/biotech.uwr.edu.pl\/#\/schema\/logo\/image\/\"}}]}<\/script>\n<!-- \/ Yoast SEO plugin. -->","yoast_head_json":{"title":"Faculty Council - Wydzia\u0142 Biotechnologii","description":"Wydzia\u0142 Biotechnologii","robots":{"index":"index","follow":"follow","max-snippet":"max-snippet:-1","max-image-preview":"max-image-preview:large","max-video-preview":"max-video-preview:-1"},"canonical":"https:\/\/biotech.uwr.edu.pl\/en\/faculty-council\/","og_locale":"en_US","og_type":"article","og_title":"Faculty Council - Wydzia\u0142 Biotechnologii","og_description":"Wydzia\u0142 Biotechnologii","og_url":"https:\/\/biotech.uwr.edu.pl\/en\/faculty-council\/","og_site_name":"Wydzia\u0142 Biotechnologii","article_modified_time":"2025-11-26T11:16:04+00:00","twitter_card":"summary_large_image","twitter_misc":{"Est. reading time":"2 minutes"},"schema":{"@context":"https:\/\/schema.org","@graph":[{"@type":"WebPage","@id":"https:\/\/biotech.uwr.edu.pl\/en\/faculty-council\/","url":"https:\/\/biotech.uwr.edu.pl\/en\/faculty-council\/","name":"Faculty Council - Wydzia\u0142 Biotechnologii","isPartOf":{"@id":"https:\/\/biotech.uwr.edu.pl\/#website"},"primaryImageOfPage":{"@id":"https:\/\/biotech.uwr.edu.pl\/en\/faculty-council\/#primaryimage"},"image":{"@id":"https:\/\/biotech.uwr.edu.pl\/en\/faculty-council\/#primaryimage"},"thumbnailUrl":"https:\/\/biotech.uwr.edu.pl\/wp-content\/uploads\/sites\/261\/2022\/09\/biotechnologia-fot.-Magdalena-Marcula-Biuro-ds.-Promocji-UWr-8-1024x683.jpg","datePublished":"2022-05-20T14:19:55+00:00","dateModified":"2025-11-26T11:16:04+00:00","description":"Wydzia\u0142 Biotechnologii","breadcrumb":{"@id":"https:\/\/biotech.uwr.edu.pl\/en\/faculty-council\/#breadcrumb"},"inLanguage":"en-US","potentialAction":[{"@type":"ReadAction","target":["https:\/\/biotech.uwr.edu.pl\/en\/faculty-council\/"]}]},{"@type":"ImageObject","inLanguage":"en-US","@id":"https:\/\/biotech.uwr.edu.pl\/en\/faculty-council\/#primaryimage","url":"https:\/\/biotech.uwr.edu.pl\/wp-content\/uploads\/sites\/261\/2022\/09\/biotechnologia-fot.-Magdalena-Marcula-Biuro-ds.-Promocji-UWr-8-1024x683.jpg","contentUrl":"https:\/\/biotech.uwr.edu.pl\/wp-content\/uploads\/sites\/261\/2022\/09\/biotechnologia-fot.-Magdalena-Marcula-Biuro-ds.-Promocji-UWr-8-1024x683.jpg"},{"@type":"BreadcrumbList","@id":"https:\/\/biotech.uwr.edu.pl\/en\/faculty-council\/#breadcrumb","itemListElement":[{"@type":"ListItem","position":1,"name":"Strona g\u0142\u00f3wna","item":"https:\/\/biotech.uwr.edu.pl\/en\/"},{"@type":"ListItem","position":2,"name":"Faculty Council"}]},{"@type":"WebSite","@id":"https:\/\/biotech.uwr.edu.pl\/#website","url":"https:\/\/biotech.uwr.edu.pl\/","name":"Wydzia\u0142 Biotechnologii","description":"Kolejna witryna sieci \u201eUWR Witryny\u201d","publisher":{"@id":"https:\/\/biotech.uwr.edu.pl\/#organization"},"potentialAction":[{"@type":"SearchAction","target":{"@type":"EntryPoint","urlTemplate":"https:\/\/biotech.uwr.edu.pl\/?s={search_term_string}"},"query-input":{"@type":"PropertyValueSpecification","valueRequired":true,"valueName":"search_term_string"}}],"inLanguage":"en-US"},{"@type":"Organization","@id":"https:\/\/biotech.uwr.edu.pl\/#organization","name":"Wydzia\u0142 Biotechnologii","url":"https:\/\/biotech.uwr.edu.pl\/","logo":{"@type":"ImageObject","inLanguage":"en-US","@id":"https:\/\/biotech.uwr.edu.pl\/#\/schema\/logo\/image\/","url":"https:\/\/biotech.uwr.edu.pl\/wp-content\/uploads\/sites\/261\/2025\/10\/UWr-logotyp-2025.png","contentUrl":"https:\/\/biotech.uwr.edu.pl\/wp-content\/uploads\/sites\/261\/2025\/10\/UWr-logotyp-2025.png","width":764,"height":269,"caption":"Wydzia\u0142 Biotechnologii"},"image":{"@id":"https:\/\/biotech.uwr.edu.pl\/#\/schema\/logo\/image\/"}}]}},"publishpress_future_action":{"enabled":false,"date":"2026-05-09 07:39:43","action":"change-status","newStatus":"draft","terms":[],"taxonomy":"category","extraData":[]},"publishpress_future_workflow_manual_trigger":{"enabledWorkflows":[]},"_links":{"self":[{"href":"https:\/\/biotech.uwr.edu.pl\/en\/wp-json\/wp\/v2\/pages\/24598\/"}],"collection":[{"href":"https:\/\/biotech.uwr.edu.pl\/en\/wp-json\/wp\/v2\/pages\/"}],"about":[{"href":"https:\/\/biotech.uwr.edu.pl\/en\/wp-json\/wp\/v2\/types\/page\/"}],"author":[{"embeddable":true,"href":"https:\/\/biotech.uwr.edu.pl\/en\/wp-json\/wp\/v2\/users\/20\/"}],"replies":[{"embeddable":true,"href":"https:\/\/biotech.uwr.edu.pl\/en\/wp-json\/wp\/v2\/comments\/?post=24598"}],"version-history":[{"count":4,"href":"https:\/\/biotech.uwr.edu.pl\/en\/wp-json\/wp\/v2\/pages\/24598\/revisions\/"}],"predecessor-version":[{"id":64542,"href":"https:\/\/biotech.uwr.edu.pl\/en\/wp-json\/wp\/v2\/pages\/24598\/revisions\/64542\/"}],"wp:attachment":[{"href":"https:\/\/biotech.uwr.edu.pl\/en\/wp-json\/wp\/v2\/media\/?parent=24598"}],"wp:term":[{"taxonomy":"category","embeddable":true,"href":"https:\/\/biotech.uwr.edu.pl\/en\/wp-json\/wp\/v2\/categories\/?post=24598"},{"taxonomy":"post_tag","embeddable":true,"href":"https:\/\/biotech.uwr.edu.pl\/en\/wp-json\/wp\/v2\/tags\/?post=24598"}],"curies":[{"name":"wp","href":"https:\/\/api.w.org\/{rel}","templated":true}]}}